{"id":1435,"date":"2023-02-20T15:14:10","date_gmt":"2023-02-20T18:14:10","guid":{"rendered":"https:\/\/santaclaraagro.com.br\/?page_id=1435"},"modified":"2024-10-01T11:19:13","modified_gmt":"2024-10-01T14:19:13","slug":"nossa-essencia","status":"publish","type":"page","link":"https:\/\/santaclaraagro.com.br\/es\/nossa-essencia\/","title":{"rendered":"Nuestra Esencia"},"content":{"rendered":"<div data-elementor-type=\"wp-page\" data-elementor-id=\"1435\" class=\"elementor elementor-1435\" data-elementor-post-type=\"page\">\n\t\t\t\t\t\t<section class=\"elementor-section elementor-top-section elementor-element elementor-element-e1e3795 elementor-section-height-min-height elementor-section-boxed elementor-section-height-default elementor-section-items-middle\" data-id=\"e1e3795\" data-element_type=\"section\" data-settings=\"{&quot;background_background&quot;:&quot;classic&quot;}\">\n\t\t\t\t\t\t\t<div class=\"elementor-background-overlay\"><\/div>\n\t\t\t\t\t\t\t<div class=\"elementor-container elementor-column-gap-default\">\n\t\t\t\t\t<div class=\"elementor-column elementor-col-100 elementor-top-column elementor-element elementor-element-0787e4b\" data-id=\"0787e4b\" data-element_type=\"column\">\n\t\t\t<div class=\"elementor-widget-wrap elementor-element-populated\">\n\t\t\t\t\t\t<div class=\"elementor-element elementor-element-2532cb8 elementor-widget elementor-widget-heading\" data-id=\"2532cb8\" data-element_type=\"widget\" data-widget_type=\"heading.default\">\n\t\t\t\t<div class=\"elementor-widget-container\">\n\t\t\t<h3 class=\"elementor-heading-title elementor-size-default\">Nuestra Esencia<\/h3>\t\t<\/div>\n\t\t\t\t<\/div>\n\t\t\t\t\t<\/div>\n\t\t<\/div>\n\t\t\t\t\t<\/div>\n\t\t<\/section>\n\t\t\t\t<section class=\"elementor-section elementor-top-section elementor-element elementor-element-71fabc5 elementor-hidden-desktop elementor-hidden-tablet elementor-section-boxed elementor-section-height-default elementor-section-height-default\" data-id=\"71fabc5\" data-element_type=\"section\">\n\t\t\t\t\t\t<div class=\"elementor-container elementor-column-gap-no\">\n\t\t\t\t\t<div class=\"elementor-column elementor-col-100 elementor-top-column elementor-element elementor-element-5fa02c1\" data-id=\"5fa02c1\" data-element_type=\"column\">\n\t\t\t<div class=\"elementor-widget-wrap elementor-element-populated\">\n\t\t\t\t\t\t<div class=\"elementor-element elementor-element-0984644 elementor-widget elementor-widget-image\" data-id=\"0984644\" data-element_type=\"widget\" data-widget_type=\"image.default\">\n\t\t\t\t<div class=\"elementor-widget-container\">\n\t\t\t\t\t\t\t\t\t\t\t\t\t<img fetchpriority=\"high\" decoding=\"async\" width=\"800\" height=\"541\" src=\"https:\/\/santaclaraagro.com.br\/wp-content\/uploads\/2023\/02\/Captura-de-Tela-2023-02-20-as-18.28.16-1024x693.png\" class=\"attachment-large size-large wp-image-1487\" alt=\"\" srcset=\"https:\/\/santaclaraagro.com.br\/wp-content\/uploads\/2023\/02\/Captura-de-Tela-2023-02-20-as-18.28.16-1024x693.png 1024w, https:\/\/santaclaraagro.com.br\/wp-content\/uploads\/2023\/02\/Captura-de-Tela-2023-02-20-as-18.28.16-240x162.png 240w, https:\/\/santaclaraagro.com.br\/wp-content\/uploads\/2023\/02\/Captura-de-Tela-2023-02-20-as-18.28.16-490x332.png 490w, https:\/\/santaclaraagro.com.br\/wp-content\/uploads\/2023\/02\/Captura-de-Tela-2023-02-20-as-18.28.16-64x43.png 64w, https:\/\/santaclaraagro.com.br\/wp-content\/uploads\/2023\/02\/Captura-de-Tela-2023-02-20-as-18.28.16-300x203.png 300w, https:\/\/santaclaraagro.com.br\/wp-content\/uploads\/2023\/02\/Captura-de-Tela-2023-02-20-as-18.28.16-768x520.png 768w, https:\/\/santaclaraagro.com.br\/wp-content\/uploads\/2023\/02\/Captura-de-Tela-2023-02-20-as-18.28.16-16x12.png 16w, https:\/\/santaclaraagro.com.br\/wp-content\/uploads\/2023\/02\/Captura-de-Tela-2023-02-20-as-18.28.16.png 1454w\" sizes=\"(max-width: 800px) 100vw, 800px\" \/>\t\t\t\t\t\t\t\t\t\t\t\t\t<\/div>\n\t\t\t\t<\/div>\n\t\t\t\t\t<\/div>\n\t\t<\/div>\n\t\t\t\t\t<\/div>\n\t\t<\/section>\n\t\t\t\t<section class=\"elementor-section elementor-top-section elementor-element elementor-element-a3893b0 elementor-section-height-min-height elementor-section-items-top elementor-section-content-top elementor-hidden-phone elementor-section-boxed elementor-section-height-default\" data-id=\"a3893b0\" data-element_type=\"section\" data-settings=\"{&quot;background_background&quot;:&quot;classic&quot;}\">\n\t\t\t\t\t\t<div class=\"elementor-container elementor-column-gap-default\">\n\t\t\t\t\t<div class=\"elementor-column elementor-col-50 elementor-top-column elementor-element elementor-element-ea4e48d\" data-id=\"ea4e48d\" data-element_type=\"column\">\n\t\t\t<div class=\"elementor-widget-wrap elementor-element-populated\">\n\t\t\t\t\t\t<div class=\"elementor-element elementor-element-aa58c71 elementor-invisible elementor-widget elementor-widget-image\" data-id=\"aa58c71\" data-element_type=\"widget\" data-settings=\"{&quot;_animation&quot;:&quot;fadeIn&quot;}\" data-widget_type=\"image.default\">\n\t\t\t\t<div class=\"elementor-widget-container\">\n\t\t\t\t\t\t\t\t\t\t\t\t\t<img decoding=\"async\" width=\"544\" height=\"544\" src=\"https:\/\/santaclaraagro.com.br\/wp-content\/uploads\/2023\/02\/Rosa_Ventos.png\" class=\"attachment-large size-large wp-image-1442\" alt=\"\" srcset=\"https:\/\/santaclaraagro.com.br\/wp-content\/uploads\/2023\/02\/Rosa_Ventos.png 544w, https:\/\/santaclaraagro.com.br\/wp-content\/uploads\/2023\/02\/Rosa_Ventos-240x240.png 240w, https:\/\/santaclaraagro.com.br\/wp-content\/uploads\/2023\/02\/Rosa_Ventos-100x100.png 100w, https:\/\/santaclaraagro.com.br\/wp-content\/uploads\/2023\/02\/Rosa_Ventos-490x490.png 490w, https:\/\/santaclaraagro.com.br\/wp-content\/uploads\/2023\/02\/Rosa_Ventos-64x64.png 64w, https:\/\/santaclaraagro.com.br\/wp-content\/uploads\/2023\/02\/Rosa_Ventos-300x300.png 300w, https:\/\/santaclaraagro.com.br\/wp-content\/uploads\/2023\/02\/Rosa_Ventos-150x150.png 150w, https:\/\/santaclaraagro.com.br\/wp-content\/uploads\/2023\/02\/Rosa_Ventos-12x12.png 12w\" sizes=\"(max-width: 544px) 100vw, 544px\" \/>\t\t\t\t\t\t\t\t\t\t\t\t\t<\/div>\n\t\t\t\t<\/div>\n\t\t\t\t\t<\/div>\n\t\t<\/div>\n\t\t\t\t<div class=\"elementor-column elementor-col-50 elementor-top-column elementor-element elementor-element-310420f\" data-id=\"310420f\" data-element_type=\"column\">\n\t\t\t<div class=\"elementor-widget-wrap elementor-element-populated\">\n\t\t\t\t\t\t<div class=\"elementor-element elementor-element-9887fbc elementor-widget elementor-widget-text-editor\" data-id=\"9887fbc\" data-element_type=\"widget\" data-widget_type=\"text-editor.default\">\n\t\t\t\t<div class=\"elementor-widget-container\">\n\t\t\t\t\t\t\t<a href=\"https:\/\/santaclaraagro.com.br\/es\/home\/\" style=\"color:#fff\">Home<\/a> \/ Nuestra Esencia\t\t\t\t\t\t<\/div>\n\t\t\t\t<\/div>\n\t\t\t\t<div class=\"elementor-element elementor-element-c4e7cae elementor-widget elementor-widget-heading\" data-id=\"c4e7cae\" data-element_type=\"widget\" data-widget_type=\"heading.default\">\n\t\t\t\t<div class=\"elementor-widget-container\">\n\t\t\t<h2 class=\"elementor-heading-title elementor-size-default\">Misi\u00f3n<\/h2>\t\t<\/div>\n\t\t\t\t<\/div>\n\t\t\t\t<div class=\"elementor-element elementor-element-8c6df1d elementor-widget elementor-widget-heading\" data-id=\"8c6df1d\" data-element_type=\"widget\" data-widget_type=\"heading.default\">\n\t\t\t\t<div class=\"elementor-widget-container\">\n\t\t\t<h5 class=\"elementor-heading-title elementor-size-default\">\u201cNutrir la Agricultura, Proteger el Futuro,<br> Innovar Constantemente.\u201d<\/h5>\t\t<\/div>\n\t\t\t\t<\/div>\n\t\t\t\t<div class=\"elementor-element elementor-element-ecb34d4 elementor-widget elementor-widget-text-editor\" data-id=\"ecb34d4\" data-element_type=\"widget\" data-widget_type=\"text-editor.default\">\n\t\t\t\t<div class=\"elementor-widget-container\">\n\t\t\t\t\t\t\t<p>La misi\u00f3n del Grupo Santa Clara es aumentar la productividad en la producci\u00f3n de alimentos, energ\u00eda y fibra, para ayudar al crecimiento de la poblaci\u00f3n en el mundo. Somos, por tanto, una empresa que se preocupa por los temas socioecon\u00f3micos y ambientales, produciendo m\u00e1s sin necesidad de ampliar el \u00e1rea agr\u00edcola.<\/p>\t\t\t\t\t\t<\/div>\n\t\t\t\t<\/div>\n\t\t\t\t<div class=\"elementor-element elementor-element-74a93fb elementor-widget elementor-widget-heading\" data-id=\"74a93fb\" data-element_type=\"widget\" data-widget_type=\"heading.default\">\n\t\t\t\t<div class=\"elementor-widget-container\">\n\t\t\t<h2 class=\"elementor-heading-title elementor-size-default\">Visi\u00f3n<\/h2>\t\t<\/div>\n\t\t\t\t<\/div>\n\t\t\t\t<div class=\"elementor-element elementor-element-f44d9ab elementor-widget elementor-widget-heading\" data-id=\"f44d9ab\" data-element_type=\"widget\" data-widget_type=\"heading.default\">\n\t\t\t\t<div class=\"elementor-widget-container\">\n\t\t\t<h5 class=\"elementor-heading-title elementor-size-default\">\u201cSer reconocida como una de las principales empresas de nutrici\u00f3n y protecci\u00f3n vegetal, creciendo de manera confiable e innovadora, actuando en todo Brasil y en los principales pa\u00edses agr\u00edcolas del mundo\u201d.<\/h5>\t\t<\/div>\n\t\t\t\t<\/div>\n\t\t\t\t\t<\/div>\n\t\t<\/div>\n\t\t\t\t\t<\/div>\n\t\t<\/section>\n\t\t\t\t<section class=\"elementor-section elementor-top-section elementor-element elementor-element-ca5ff75 elementor-section-height-min-height elementor-section-items-top elementor-section-content-top elementor-section-boxed elementor-section-height-default\" data-id=\"ca5ff75\" data-element_type=\"section\" data-settings=\"{&quot;background_background&quot;:&quot;classic&quot;}\">\n\t\t\t\t\t\t<div class=\"elementor-container elementor-column-gap-default\">\n\t\t\t\t\t<div class=\"elementor-column elementor-col-50 elementor-top-column elementor-element elementor-element-ab44208\" data-id=\"ab44208\" data-element_type=\"column\">\n\t\t\t<div class=\"elementor-widget-wrap\">\n\t\t\t\t\t\t\t<\/div>\n\t\t<\/div>\n\t\t\t\t<div class=\"elementor-column elementor-col-50 elementor-top-column elementor-element elementor-element-08ee8fd\" data-id=\"08ee8fd\" data-element_type=\"column\">\n\t\t\t<div class=\"elementor-widget-wrap elementor-element-populated\">\n\t\t\t\t\t\t<div class=\"elementor-element elementor-element-46c3840 elementor-widget elementor-widget-heading\" data-id=\"46c3840\" data-element_type=\"widget\" data-widget_type=\"heading.default\">\n\t\t\t\t<div class=\"elementor-widget-container\">\n\t\t\t<h1 class=\"elementor-heading-title elementor-size-default\">Valores<\/h1>\t\t<\/div>\n\t\t\t\t<\/div>\n\t\t\t\t<section class=\"elementor-section elementor-inner-section elementor-element elementor-element-873dd6f elementor-section-boxed elementor-section-height-default elementor-section-height-default\" data-id=\"873dd6f\" data-element_type=\"section\">\n\t\t\t\t\t\t<div class=\"elementor-container elementor-column-gap-no\">\n\t\t\t\t\t<div class=\"elementor-column elementor-col-33 elementor-inner-column elementor-element elementor-element-b9fbaff\" data-id=\"b9fbaff\" data-element_type=\"column\">\n\t\t\t<div class=\"elementor-widget-wrap elementor-element-populated\">\n\t\t\t\t\t\t<div class=\"elementor-element elementor-element-ad43c41 elementor-widget elementor-widget-image\" data-id=\"ad43c41\" data-element_type=\"widget\" data-widget_type=\"image.default\">\n\t\t\t\t<div class=\"elementor-widget-container\">\n\t\t\t\t\t\t\t\t\t\t\t\t\t<img decoding=\"async\" width=\"388\" height=\"286\" src=\"https:\/\/santaclaraagro.com.br\/wp-content\/uploads\/2023\/02\/ico1.png\" class=\"attachment-large size-large wp-image-1452\" alt=\"\" srcset=\"https:\/\/santaclaraagro.com.br\/wp-content\/uploads\/2023\/02\/ico1.png 388w, https:\/\/santaclaraagro.com.br\/wp-content\/uploads\/2023\/02\/ico1-240x177.png 240w, https:\/\/santaclaraagro.com.br\/wp-content\/uploads\/2023\/02\/ico1-64x47.png 64w, https:\/\/santaclaraagro.com.br\/wp-content\/uploads\/2023\/02\/ico1-300x221.png 300w, https:\/\/santaclaraagro.com.br\/wp-content\/uploads\/2023\/02\/ico1-16x12.png 16w\" sizes=\"(max-width: 388px) 100vw, 388px\" \/>\t\t\t\t\t\t\t\t\t\t\t\t\t<\/div>\n\t\t\t\t<\/div>\n\t\t\t\t<div class=\"elementor-element elementor-element-f5e88c5 elementor-widget elementor-widget-text-editor\" data-id=\"f5e88c5\" data-element_type=\"widget\" data-widget_type=\"text-editor.default\">\n\t\t\t\t<div class=\"elementor-widget-container\">\n\t\t\t\t\t\t\t<p><b style=\"font-size: 18px;\">Cultivamos Rela\u00e7\u00f5es Humanas<\/b><br \/>Estabelecemos relacionamentos de longo prazo, baseados na \u00e9tica e confian\u00e7a.<\/p>\t\t\t\t\t\t<\/div>\n\t\t\t\t<\/div>\n\t\t\t\t\t<\/div>\n\t\t<\/div>\n\t\t\t\t<div class=\"elementor-column elementor-col-33 elementor-inner-column elementor-element elementor-element-1cab4a7\" data-id=\"1cab4a7\" data-element_type=\"column\">\n\t\t\t<div class=\"elementor-widget-wrap elementor-element-populated\">\n\t\t\t\t\t\t<div class=\"elementor-element elementor-element-d08ab63 elementor-widget elementor-widget-image\" data-id=\"d08ab63\" data-element_type=\"widget\" data-widget_type=\"image.default\">\n\t\t\t\t<div class=\"elementor-widget-container\">\n\t\t\t\t\t\t\t\t\t\t\t\t\t<img loading=\"lazy\" decoding=\"async\" width=\"278\" height=\"334\" src=\"https:\/\/santaclaraagro.com.br\/wp-content\/uploads\/2023\/02\/ico2.png\" class=\"attachment-large size-large wp-image-1453\" alt=\"\" srcset=\"https:\/\/santaclaraagro.com.br\/wp-content\/uploads\/2023\/02\/ico2.png 278w, https:\/\/santaclaraagro.com.br\/wp-content\/uploads\/2023\/02\/ico2-240x288.png 240w, https:\/\/santaclaraagro.com.br\/wp-content\/uploads\/2023\/02\/ico2-64x77.png 64w, https:\/\/santaclaraagro.com.br\/wp-content\/uploads\/2023\/02\/ico2-250x300.png 250w, https:\/\/santaclaraagro.com.br\/wp-content\/uploads\/2023\/02\/ico2-10x12.png 10w\" sizes=\"(max-width: 278px) 100vw, 278px\" \/>\t\t\t\t\t\t\t\t\t\t\t\t\t<\/div>\n\t\t\t\t<\/div>\n\t\t\t\t<div class=\"elementor-element elementor-element-243e19d elementor-widget elementor-widget-text-editor\" data-id=\"243e19d\" data-element_type=\"widget\" data-widget_type=\"text-editor.default\">\n\t\t\t\t<div class=\"elementor-widget-container\">\n\t\t\t\t\t\t\t<p><b style=\"font-size: 18px;\">Inova\u00e7\u00e3o para o futuro<\/b><br \/>Somos apaixonados em desenvolver solu\u00e7\u00f5es para nossos clientes.<\/p>\t\t\t\t\t\t<\/div>\n\t\t\t\t<\/div>\n\t\t\t\t\t<\/div>\n\t\t<\/div>\n\t\t\t\t<div class=\"elementor-column elementor-col-33 elementor-inner-column elementor-element elementor-element-d7814ea\" data-id=\"d7814ea\" data-element_type=\"column\">\n\t\t\t<div class=\"elementor-widget-wrap elementor-element-populated\">\n\t\t\t\t\t\t<div class=\"elementor-element elementor-element-ceb4662 elementor-widget elementor-widget-image\" data-id=\"ceb4662\" data-element_type=\"widget\" data-widget_type=\"image.default\">\n\t\t\t\t<div class=\"elementor-widget-container\">\n\t\t\t\t\t\t\t\t\t\t\t\t\t<img loading=\"lazy\" decoding=\"async\" width=\"230\" height=\"284\" src=\"https:\/\/santaclaraagro.com.br\/wp-content\/uploads\/2023\/02\/ico6.png\" class=\"attachment-large size-large wp-image-1460\" alt=\"\" srcset=\"https:\/\/santaclaraagro.com.br\/wp-content\/uploads\/2023\/02\/ico6.png 230w, https:\/\/santaclaraagro.com.br\/wp-content\/uploads\/2023\/02\/ico6-64x79.png 64w, https:\/\/santaclaraagro.com.br\/wp-content\/uploads\/2023\/02\/ico6-10x12.png 10w\" sizes=\"(max-width: 230px) 100vw, 230px\" \/>\t\t\t\t\t\t\t\t\t\t\t\t\t<\/div>\n\t\t\t\t<\/div>\n\t\t\t\t<div class=\"elementor-element elementor-element-5ba5d0e elementor-widget elementor-widget-text-editor\" data-id=\"5ba5d0e\" data-element_type=\"widget\" data-widget_type=\"text-editor.default\">\n\t\t\t\t<div class=\"elementor-widget-container\">\n\t\t\t\t\t\t\t<p><span style=\"font-weight: bold; font-size: 18px;\">Legado e Longevidade<\/span><br \/>Tomamos decis\u00f5es de forma profissional, prezando pela qualidade, pensando no legado que deixaremos, na longevidade do neg\u00f3cio e na sustentabilidade da agricultura.<\/p>\t\t\t\t\t\t<\/div>\n\t\t\t\t<\/div>\n\t\t\t\t\t<\/div>\n\t\t<\/div>\n\t\t\t\t\t<\/div>\n\t\t<\/section>\n\t\t\t\t\t<\/div>\n\t\t<\/div>\n\t\t\t\t\t<\/div>\n\t\t<\/section>\n\t\t\t\t<\/div>","protected":false},"excerpt":{"rendered":"<p>Nossa Ess\u00eancia Home \/ Nossa Ess\u00eancia Miss\u00e3o \u201cNutrir a Agricultura, Proteger o Futuro, Inovar Constantemente.\u201d A miss\u00e3o do Grupo Santa Clara \u00e9 aumentar a produtividade na produ\u00e7\u00e3o de alimentos, energia e fibras, para ajudar o crescimento populacional no mundo. Somos, assim, uma empresa que se preocupa com as quest\u00f5es socioecon\u00f4micas e ambientais, por produzir mais [&hellip;]<\/p>","protected":false},"author":1,"featured_media":0,"parent":0,"menu_order":0,"comment_status":"closed","ping_status":"closed","template":"elementor_header_footer","meta":{"footnotes":""},"class_list":["post-1435","page","type-page","status-publish","hentry"],"_links":{"self":[{"href":"https:\/\/santaclaraagro.com.br\/es\/wp-json\/wp\/v2\/pages\/1435"}],"collection":[{"href":"https:\/\/santaclaraagro.com.br\/es\/wp-json\/wp\/v2\/pages"}],"about":[{"href":"https:\/\/santaclaraagro.com.br\/es\/wp-json\/wp\/v2\/types\/page"}],"author":[{"embeddable":true,"href":"https:\/\/santaclaraagro.com.br\/es\/wp-json\/wp\/v2\/users\/1"}],"replies":[{"embeddable":true,"href":"https:\/\/santaclaraagro.com.br\/es\/wp-json\/wp\/v2\/comments?post=1435"}],"version-history":[{"count":3,"href":"https:\/\/santaclaraagro.com.br\/es\/wp-json\/wp\/v2\/pages\/1435\/revisions"}],"predecessor-version":[{"id":2861,"href":"https:\/\/santaclaraagro.com.br\/es\/wp-json\/wp\/v2\/pages\/1435\/revisions\/2861"}],"wp:attachment":[{"href":"https:\/\/santaclaraagro.com.br\/es\/wp-json\/wp\/v2\/media?parent=1435"}],"curies":[{"name":"wp","href":"https:\/\/api.w.org\/{rel}","templated":true}]}}