{"id":1529,"date":"2023-02-22T14:20:59","date_gmt":"2023-02-22T17:20:59","guid":{"rendered":"https:\/\/santaclaraagro.com.br\/?page_id=1529"},"modified":"2024-02-29T22:34:53","modified_gmt":"2024-03-01T01:34:53","slug":"catalogo-de-produtos","status":"publish","type":"page","link":"https:\/\/santaclaraagro.com.br\/es\/catalogo-de-produtos\/","title":{"rendered":"Catalogo de productos"},"content":{"rendered":"<div data-elementor-type=\"wp-page\" data-elementor-id=\"1529\" class=\"elementor elementor-1529\" data-elementor-post-type=\"page\">\n\t\t\t\t\t\t<section class=\"elementor-section elementor-top-section elementor-element elementor-element-ef17896 elementor-section-height-min-height elementor-section-boxed elementor-section-height-default elementor-section-items-middle\" data-id=\"ef17896\" data-element_type=\"section\" data-settings=\"{&quot;background_background&quot;:&quot;classic&quot;}\">\n\t\t\t\t\t\t\t<div class=\"elementor-background-overlay\"><\/div>\n\t\t\t\t\t\t\t<div class=\"elementor-container elementor-column-gap-default\">\n\t\t\t\t\t<div class=\"elementor-column elementor-col-100 elementor-top-column elementor-element elementor-element-e3e5707\" data-id=\"e3e5707\" data-element_type=\"column\">\n\t\t\t<div class=\"elementor-widget-wrap elementor-element-populated\">\n\t\t\t\t\t\t<div class=\"elementor-element elementor-element-a885af4 elementor-widget elementor-widget-heading\" data-id=\"a885af4\" data-element_type=\"widget\" data-widget_type=\"heading.default\">\n\t\t\t\t<div class=\"elementor-widget-container\">\n\t\t\t<h3 class=\"elementor-heading-title elementor-size-default\">Cat\u00e1logo de Produtos<\/h3>\t\t<\/div>\n\t\t\t\t<\/div>\n\t\t\t\t\t<\/div>\n\t\t<\/div>\n\t\t\t\t\t<\/div>\n\t\t<\/section>\n\t\t\t\t<section class=\"elementor-section elementor-top-section elementor-element elementor-element-d83f9d2 elementor-section-boxed elementor-section-height-default elementor-section-height-default\" data-id=\"d83f9d2\" data-element_type=\"section\">\n\t\t\t\t\t\t<div class=\"elementor-container elementor-column-gap-default\">\n\t\t\t\t\t<div class=\"elementor-column elementor-col-50 elementor-top-column elementor-element elementor-element-c49fcf6\" data-id=\"c49fcf6\" data-element_type=\"column\">\n\t\t\t<div class=\"elementor-widget-wrap elementor-element-populated\">\n\t\t\t\t\t\t<div class=\"elementor-element elementor-element-cba58f4 elementor-widget elementor-widget-heading\" data-id=\"cba58f4\" data-element_type=\"widget\" data-widget_type=\"heading.default\">\n\t\t\t\t<div class=\"elementor-widget-container\">\n\t\t\t<h2 class=\"elementor-heading-title elementor-size-default\">COMPLETE<br>\nEL FORMULARIO<br>\nPARA ACESSAR<br>\nO CAT\u00c1LOGO DE PRODUTOS<\/h2>\t\t<\/div>\n\t\t\t\t<\/div>\n\t\t\t\t<div class=\"elementor-element elementor-element-367c57c elementor-widget elementor-widget-text-editor\" data-id=\"367c57c\" data-element_type=\"widget\" data-widget_type=\"text-editor.default\">\n\t\t\t\t<div class=\"elementor-widget-container\">\n\t\t\t\t\t\t\t<p>Utilize o formul\u00e1rio ao lado para acessar o cat\u00e1logo de produtos, ou se preferir nos ligue <a href=\"tel: 551636203320\">(16) 3620-3320<\/a> ou mande um e-mail para:<a href=\"mailto:contato@santaclaraagro.com.br\"><img decoding=\"async\" class=\"alignnone wp-image-2707 size-full\" src=\"https:\/\/santaclaraagro.com.br\/wp-content\/uploads\/2024\/01\/Screenshot-2024-01-12-at-10.37.54.png\" alt=\"\" width=\"210\" height=\"26\" srcset=\"https:\/\/santaclaraagro.com.br\/wp-content\/uploads\/2024\/01\/Screenshot-2024-01-12-at-10.37.54.png 210w, https:\/\/santaclaraagro.com.br\/wp-content\/uploads\/2024\/01\/Screenshot-2024-01-12-at-10.37.54-16x2.png 16w, https:\/\/santaclaraagro.com.br\/wp-content\/uploads\/2024\/01\/Screenshot-2024-01-12-at-10.37.54-64x8.png 64w\" sizes=\"(max-width: 210px) 100vw, 210px\" \/><\/a><\/p>\t\t\t\t\t\t<\/div>\n\t\t\t\t<\/div>\n\t\t\t\t<div class=\"elementor-element elementor-element-78762b9 elementor-widget elementor-widget-image\" data-id=\"78762b9\" data-element_type=\"widget\" data-widget_type=\"image.default\">\n\t\t\t\t<div class=\"elementor-widget-container\">\n\t\t\t\t\t\t\t\t\t\t\t\t\t<img fetchpriority=\"high\" decoding=\"async\" width=\"800\" height=\"584\" src=\"https:\/\/santaclaraagro.com.br\/wp-content\/uploads\/2023\/03\/Mockup-Catalogo-1024x748.webp\" class=\"attachment-large size-large wp-image-2001\" alt=\"\" srcset=\"https:\/\/santaclaraagro.com.br\/wp-content\/uploads\/2023\/03\/Mockup-Catalogo-1024x748.webp 1024w, https:\/\/santaclaraagro.com.br\/wp-content\/uploads\/2023\/03\/Mockup-Catalogo-300x219.webp 300w, https:\/\/santaclaraagro.com.br\/wp-content\/uploads\/2023\/03\/Mockup-Catalogo-768x561.webp 768w, https:\/\/santaclaraagro.com.br\/wp-content\/uploads\/2023\/03\/Mockup-Catalogo-16x12.webp 16w, https:\/\/santaclaraagro.com.br\/wp-content\/uploads\/2023\/03\/Mockup-Catalogo-240x175.webp 240w, https:\/\/santaclaraagro.com.br\/wp-content\/uploads\/2023\/03\/Mockup-Catalogo-490x358.webp 490w, https:\/\/santaclaraagro.com.br\/wp-content\/uploads\/2023\/03\/Mockup-Catalogo-64x47.webp 64w, https:\/\/santaclaraagro.com.br\/wp-content\/uploads\/2023\/03\/Mockup-Catalogo.webp 1401w\" sizes=\"(max-width: 800px) 100vw, 800px\" \/>\t\t\t\t\t\t\t\t\t\t\t\t\t<\/div>\n\t\t\t\t<\/div>\n\t\t\t\t\t<\/div>\n\t\t<\/div>\n\t\t\t\t<div class=\"elementor-column elementor-col-50 elementor-top-column elementor-element elementor-element-74b44cd\" data-id=\"74b44cd\" data-element_type=\"column\" data-settings=\"{&quot;background_background&quot;:&quot;classic&quot;}\">\n\t\t\t<div class=\"elementor-widget-wrap elementor-element-populated\">\n\t\t\t\t\t\t<div class=\"elementor-element elementor-element-54156ad elementor-button-align-stretch elementor-widget elementor-widget-form\" data-id=\"54156ad\" data-element_type=\"widget\" data-settings=\"{&quot;step_next_label&quot;:&quot;Next&quot;,&quot;step_previous_label&quot;:&quot;Previous&quot;,&quot;button_width&quot;:&quot;100&quot;,&quot;step_type&quot;:&quot;number_text&quot;,&quot;step_icon_shape&quot;:&quot;circle&quot;}\" data-widget_type=\"form.default\">\n\t\t\t\t<div class=\"elementor-widget-container\">\n\t\t\t\t\t<form class=\"elementor-form\" method=\"post\" name=\"acessar-catalogo\" action=\"\">\n\t\t\t<input type=\"hidden\" name=\"post_id\" value=\"1529\"\/>\n\t\t\t<input type=\"hidden\" name=\"form_id\" value=\"54156ad\"\/>\n\t\t\t<input type=\"hidden\" name=\"referer_title\" value=\"\" \/>\n\n\t\t\t\n\t\t\t<div class=\"elementor-form-fields-wrapper elementor-labels-above\">\n\t\t\t\t\t\t\t\t<div class=\"elementor-field-type-text elementor-field-group elementor-column elementor-field-group-nome elementor-col-100 elementor-field-required elementor-mark-required\">\n\t\t\t\t\t\t\t\t\t\t\t\t<label for=\"form-field-nome\" class=\"elementor-field-label\">\n\t\t\t\t\t\t\t\tNombre Completo\t\t\t\t\t\t\t<\/label>\n\t\t\t\t\t\t\t\t\t\t\t\t\t\t<input size=\"1\" type=\"text\" name=\"form_fields[nome]\" id=\"form-field-nome\" class=\"elementor-field elementor-size-sm  elementor-field-textual\" required=\"required\" aria-required=\"true\">\n\t\t\t\t\t\t\t\t\t\t\t<\/div>\n\t\t\t\t\t\t\t\t<div class=\"elementor-field-type-email elementor-field-group elementor-column elementor-field-group-email elementor-col-100 elementor-field-required elementor-mark-required\">\n\t\t\t\t\t\t\t\t\t\t\t\t<label for=\"form-field-email\" class=\"elementor-field-label\">\n\t\t\t\t\t\t\t\tCorreo Electr\u00f3nico\t\t\t\t\t\t\t<\/label>\n\t\t\t\t\t\t\t\t\t\t\t\t\t\t<input size=\"1\" type=\"email\" name=\"form_fields[email]\" id=\"form-field-email\" class=\"elementor-field elementor-size-sm  elementor-field-textual\" required=\"required\" aria-required=\"true\">\n\t\t\t\t\t\t\t\t\t\t\t<\/div>\n\t\t\t\t\t\t\t\t<div class=\"elementor-field-type-text elementor-field-group elementor-column elementor-field-group-whatsapp elementor-col-100 elementor-field-required elementor-mark-required\">\n\t\t\t\t\t\t\t\t\t\t\t\t<label for=\"form-field-whatsapp\" class=\"elementor-field-label\">\n\t\t\t\t\t\t\t\tWhatsApp\t\t\t\t\t\t\t<\/label>\n\t\t\t\t\t\t\t\t\t\t\t\t\t\t<input size=\"1\" type=\"text\" name=\"form_fields[whatsapp]\" id=\"form-field-whatsapp\" class=\"elementor-field elementor-size-sm  elementor-field-textual\" required=\"required\" aria-required=\"true\">\n\t\t\t\t\t\t\t\t\t\t\t<\/div>\n\t\t\t\t\t\t\t\t<div class=\"elementor-field-type-acceptance elementor-field-group elementor-column elementor-field-group-aceito elementor-col-100 elementor-field-required elementor-mark-required\">\n\t\t\t\t\t\t\t<div class=\"elementor-field-subgroup\">\n\t\t\t<span class=\"elementor-field-option\">\n\t\t\t\t<input type=\"checkbox\" name=\"form_fields[aceito]\" id=\"form-field-aceito\" class=\"elementor-field elementor-size-sm  elementor-acceptance-field\" required=\"required\" aria-required=\"true\" checked=\"checked\">\n\t\t\t\t<label for=\"form-field-aceito\">Acepto los t\u00e9rminos de <a href=\"https:\/\/santaclaraagro.com.br\/es\/politica-de-privacidade\/\">pol\u00edtica de privacidad del sitio web<\/a><\/label>\t\t\t<\/span>\n\t\t<\/div>\n\t\t\t\t\t\t<\/div>\n\t\t\t\t\t\t\t\t<div class=\"elementor-field-group elementor-column elementor-field-type-submit elementor-col-100 e-form__buttons\">\n\t\t\t\t\t<button class=\"elementor-button elementor-size-sm\" type=\"submit\">\n\t\t\t\t\t\t<span class=\"elementor-button-content-wrapper\">\n\t\t\t\t\t\t\t\t\t\t\t\t\t\t\t\t\t\t\t\t\t\t<span class=\"elementor-button-text\">Enviar<\/span>\n\t\t\t\t\t\t\t\t\t\t\t\t\t<\/span>\n\t\t\t\t\t<\/button>\n\t\t\t\t<\/div>\n\t\t\t<\/div>\n\t\t<input type=\"hidden\" name=\"trp-form-language\" value=\"es\"\/><\/form>\n\t\t\t\t<\/div>\n\t\t\t\t<\/div>\n\t\t\t\t\t<\/div>\n\t\t<\/div>\n\t\t\t\t\t<\/div>\n\t\t<\/section>\n\t\t\t\t<\/div>","protected":false},"excerpt":{"rendered":"<p>Cat\u00e1logo de Produtos PREENCHA O FORMUL\u00c1RIO PARA ACESSAR O CAT\u00c1LOGO DE PRODUTOS Utilize o formul\u00e1rio ao lado para acessar o cat\u00e1logo de produtos, ou se preferir nos ligue (16) 3620-3320 ou mande um e-mail para:<\/p>","protected":false},"author":1,"featured_media":0,"parent":0,"menu_order":0,"comment_status":"closed","ping_status":"closed","template":"","meta":{"footnotes":""},"class_list":["post-1529","page","type-page","status-publish","hentry"],"_links":{"self":[{"href":"https:\/\/santaclaraagro.com.br\/es\/wp-json\/wp\/v2\/pages\/1529"}],"collection":[{"href":"https:\/\/santaclaraagro.com.br\/es\/wp-json\/wp\/v2\/pages"}],"about":[{"href":"https:\/\/santaclaraagro.com.br\/es\/wp-json\/wp\/v2\/types\/page"}],"author":[{"embeddable":true,"href":"https:\/\/santaclaraagro.com.br\/es\/wp-json\/wp\/v2\/users\/1"}],"replies":[{"embeddable":true,"href":"https:\/\/santaclaraagro.com.br\/es\/wp-json\/wp\/v2\/comments?post=1529"}],"version-history":[{"count":0,"href":"https:\/\/santaclaraagro.com.br\/es\/wp-json\/wp\/v2\/pages\/1529\/revisions"}],"wp:attachment":[{"href":"https:\/\/santaclaraagro.com.br\/es\/wp-json\/wp\/v2\/media?parent=1529"}],"curies":[{"name":"wp","href":"https:\/\/api.w.org\/{rel}","templated":true}]}}