{"id":2833,"date":"2024-08-22T16:42:56","date_gmt":"2024-08-22T19:42:56","guid":{"rendered":"https:\/\/santaclaraagro.com.br\/?page_id=2833"},"modified":"2024-08-22T16:51:45","modified_gmt":"2024-08-22T19:51:45","slug":"inclusao-e-diversidade","status":"publish","type":"page","link":"https:\/\/santaclaraagro.com.br\/es\/inclusao-e-diversidade\/","title":{"rendered":"Inclus\u00e3o e diversidade"},"content":{"rendered":"<div data-elementor-type=\"wp-page\" data-elementor-id=\"2833\" class=\"elementor elementor-2833\" data-elementor-post-type=\"page\">\n\t\t\t\t\t\t<section class=\"elementor-section elementor-top-section elementor-element elementor-element-2f696e0 elementor-section-height-min-height elementor-section-boxed elementor-section-height-default elementor-section-items-middle\" data-id=\"2f696e0\" data-element_type=\"section\" data-settings=\"{&quot;background_background&quot;:&quot;classic&quot;}\">\n\t\t\t\t\t\t\t<div class=\"elementor-background-overlay\"><\/div>\n\t\t\t\t\t\t\t<div class=\"elementor-container elementor-column-gap-default\">\n\t\t\t\t\t<div class=\"elementor-column elementor-col-100 elementor-top-column elementor-element elementor-element-25128cb\" data-id=\"25128cb\" data-element_type=\"column\">\n\t\t\t<div class=\"elementor-widget-wrap elementor-element-populated\">\n\t\t\t\t\t\t<div class=\"elementor-element elementor-element-40bcfc9 elementor-widget elementor-widget-heading\" data-id=\"40bcfc9\" data-element_type=\"widget\" data-widget_type=\"heading.default\">\n\t\t\t\t<div class=\"elementor-widget-container\">\n\t\t\t<h3 class=\"elementor-heading-title elementor-size-default\">Inclus\u00e3o e diversidade<\/h3>\t\t<\/div>\n\t\t\t\t<\/div>\n\t\t\t\t\t<\/div>\n\t\t<\/div>\n\t\t\t\t\t<\/div>\n\t\t<\/section>\n\t\t\t\t<section class=\"elementor-section elementor-top-section elementor-element elementor-element-55e817dd elementor-section-boxed elementor-section-height-default elementor-section-height-default\" data-id=\"55e817dd\" data-element_type=\"section\">\n\t\t\t\t\t\t<div class=\"elementor-container elementor-column-gap-default\">\n\t\t\t\t\t<div class=\"elementor-column elementor-col-100 elementor-top-column elementor-element elementor-element-11b08b65\" data-id=\"11b08b65\" data-element_type=\"column\">\n\t\t\t<div class=\"elementor-widget-wrap elementor-element-populated\">\n\t\t\t\t\t\t<div class=\"elementor-element elementor-element-60e7bd57 elementor-widget elementor-widget-text-editor\" data-id=\"60e7bd57\" data-element_type=\"widget\" data-widget_type=\"text-editor.default\">\n\t\t\t\t<div class=\"elementor-widget-container\">\n\t\t\t\t\t\t\t<p style=\"font-weight: 400;\">Acreditamos que a inclus\u00e3o e a diversidade s\u00e3o pilares fundamentais para um ambiente de trabalho saud\u00e1vel e inovador. Valorizamos as diferen\u00e7as individuais, sejam elas de g\u00eanero, ra\u00e7a, etnia, idade, orienta\u00e7\u00e3o sexual, pessoas com defici\u00eancia (PCD), ou qualquer outra caracter\u00edstica que enrique\u00e7a nosso time.<\/p><p style=\"font-weight: 400;\">Promovemos um espa\u00e7o onde todos se sintam bem-vindos, respeitados e valorizados. Entendemos que a diversidade de perspectivas \u00e9 essencial para a criatividade e a resolu\u00e7\u00e3o de problemas, e estamos comprometidos em garantir que todos tenham voz e oportunidade de crescer em sua carreira.<\/p><p style=\"font-weight: 400;\">Por meio de programas de forma\u00e7\u00e3o, conscientiza\u00e7\u00e3o e contrata\u00e7\u00e3o inclusiva, buscamos criar um lugar onde cada colaborador, independentemente de suas condi\u00e7\u00f5es, possa trazer seu verdadeiro eu e contribuir com suas habilidades \u00fanicas.<\/p><p style=\"font-weight: 400;\">\u00a0<\/p>\t\t\t\t\t\t<\/div>\n\t\t\t\t<\/div>\n\t\t\t\t\t<\/div>\n\t\t<\/div>\n\t\t\t\t\t<\/div>\n\t\t<\/section>\n\t\t\t\t<\/div>","protected":false},"excerpt":{"rendered":"<p>Inclus\u00e3o e diversidade Acreditamos que a inclus\u00e3o e a diversidade s\u00e3o pilares fundamentais para um ambiente de trabalho saud\u00e1vel e inovador. Valorizamos as diferen\u00e7as individuais, sejam elas de g\u00eanero, ra\u00e7a, etnia, idade, orienta\u00e7\u00e3o sexual, pessoas com defici\u00eancia (PCD), ou qualquer outra caracter\u00edstica que enrique\u00e7a nosso time. Promovemos um espa\u00e7o onde todos se sintam bem-vindos, respeitados [&hellip;]<\/p>","protected":false},"author":1,"featured_media":0,"parent":0,"menu_order":0,"comment_status":"closed","ping_status":"open","template":"","meta":{"footnotes":""},"class_list":["post-2833","page","type-page","status-publish","hentry"],"_links":{"self":[{"href":"https:\/\/santaclaraagro.com.br\/es\/wp-json\/wp\/v2\/pages\/2833"}],"collection":[{"href":"https:\/\/santaclaraagro.com.br\/es\/wp-json\/wp\/v2\/pages"}],"about":[{"href":"https:\/\/santaclaraagro.com.br\/es\/wp-json\/wp\/v2\/types\/page"}],"author":[{"embeddable":true,"href":"https:\/\/santaclaraagro.com.br\/es\/wp-json\/wp\/v2\/users\/1"}],"replies":[{"embeddable":true,"href":"https:\/\/santaclaraagro.com.br\/es\/wp-json\/wp\/v2\/comments?post=2833"}],"version-history":[{"count":7,"href":"https:\/\/santaclaraagro.com.br\/es\/wp-json\/wp\/v2\/pages\/2833\/revisions"}],"predecessor-version":[{"id":2846,"href":"https:\/\/santaclaraagro.com.br\/es\/wp-json\/wp\/v2\/pages\/2833\/revisions\/2846"}],"wp:attachment":[{"href":"https:\/\/santaclaraagro.com.br\/es\/wp-json\/wp\/v2\/media?parent=2833"}],"curies":[{"name":"wp","href":"https:\/\/api.w.org\/{rel}","templated":true}]}}