{"id":716,"date":"2023-02-05T22:15:56","date_gmt":"2023-02-06T01:15:56","guid":{"rendered":"https:\/\/santaclaraagro.com.br\/?page_id=716"},"modified":"2024-06-28T12:34:15","modified_gmt":"2024-06-28T15:34:15","slug":"fale-conosco","status":"publish","type":"page","link":"https:\/\/santaclaraagro.com.br\/es\/fale-conosco\/","title":{"rendered":"Hable con nosotros"},"content":{"rendered":"<div data-elementor-type=\"wp-page\" data-elementor-id=\"716\" class=\"elementor elementor-716\" data-elementor-post-type=\"page\">\n\t\t\t\t\t\t<section class=\"elementor-section elementor-top-section elementor-element elementor-element-5ad1703 elementor-section-height-min-height elementor-section-boxed elementor-section-height-default elementor-section-items-middle\" data-id=\"5ad1703\" data-element_type=\"section\" data-settings=\"{&quot;background_background&quot;:&quot;classic&quot;}\">\n\t\t\t\t\t\t\t<div class=\"elementor-background-overlay\"><\/div>\n\t\t\t\t\t\t\t<div class=\"elementor-container elementor-column-gap-default\">\n\t\t\t\t\t<div class=\"elementor-column elementor-col-100 elementor-top-column elementor-element elementor-element-d72bd0b\" data-id=\"d72bd0b\" data-element_type=\"column\">\n\t\t\t<div class=\"elementor-widget-wrap elementor-element-populated\">\n\t\t\t\t\t\t<div class=\"elementor-element elementor-element-5ebcd7a elementor-widget elementor-widget-heading\" data-id=\"5ebcd7a\" data-element_type=\"widget\" data-widget_type=\"heading.default\">\n\t\t\t\t<div class=\"elementor-widget-container\">\n\t\t\t<h3 class=\"elementor-heading-title elementor-size-default\">Hable con nosotros<\/h3>\t\t<\/div>\n\t\t\t\t<\/div>\n\t\t\t\t\t<\/div>\n\t\t<\/div>\n\t\t\t\t\t<\/div>\n\t\t<\/section>\n\t\t\t\t<section class=\"elementor-section elementor-top-section elementor-element elementor-element-e0f3b96 elementor-section-content-top elementor-section-boxed elementor-section-height-default elementor-section-height-default\" data-id=\"e0f3b96\" data-element_type=\"section\" data-settings=\"{&quot;background_background&quot;:&quot;classic&quot;}\">\n\t\t\t\t\t\t<div class=\"elementor-container elementor-column-gap-default\">\n\t\t\t\t\t<div class=\"elementor-column elementor-col-50 elementor-top-column elementor-element elementor-element-fb9707e\" data-id=\"fb9707e\" data-element_type=\"column\">\n\t\t\t<div class=\"elementor-widget-wrap elementor-element-populated\">\n\t\t\t\t\t\t<div class=\"elementor-element elementor-element-6b392c7 elementor-widget elementor-widget-heading\" data-id=\"6b392c7\" data-element_type=\"widget\" data-widget_type=\"heading.default\">\n\t\t\t\t<div class=\"elementor-widget-container\">\n\t\t\t<h5 class=\"elementor-heading-title elementor-size-default\">\u00a1Hola! \u00bfTodo bien?\n<\/h5>\t\t<\/div>\n\t\t\t\t<\/div>\n\t\t\t\t<div class=\"elementor-element elementor-element-1e48f81 elementor-widget elementor-widget-text-editor\" data-id=\"1e48f81\" data-element_type=\"widget\" data-widget_type=\"text-editor.default\">\n\t\t\t\t<div class=\"elementor-widget-container\">\n\t\t\t\t\t\t\t<p><span style=\"color: var( --e-global-color-text ); font-family: var( --e-global-typography-text-font-family ), Sans-serif; font-size: 1rem;\">Nosotros de <strong>Santa Clara Agroci\u00eancia<\/strong>, nos encanta escuchar lo que nuestros clientes tienen que decir. Por eso creamos esta p\u00e1gina de<strong> Hable con nosotros<\/strong> para que puedas compartir sus dudas, sugerencias o elogios.<\/span><\/p>\n<p>Saludos cordiales,&nbsp;<br><span style=\"color: var( --e-global-color-text ); font-family: var( --e-global-typography-text-font-family ), Sans-serif; font-weight: var( --e-global-typography-text-font-weight ); font-size: 1rem;\">Equipe Santa Clara<br><br><\/span><\/p>\n<p><\/p>\t\t\t\t\t\t<\/div>\n\t\t\t\t<\/div>\n\t\t\t\t<div class=\"elementor-element elementor-element-773aba3 elementor-widget elementor-widget-heading\" data-id=\"773aba3\" data-element_type=\"widget\" data-widget_type=\"heading.default\">\n\t\t\t\t<div class=\"elementor-widget-container\">\n\t\t\t<h5 class=\"elementor-heading-title elementor-size-default\">Unidad administrativa - Ribeir\u00e3o Preto - SP<\/h5>\t\t<\/div>\n\t\t\t\t<\/div>\n\t\t\t\t<div class=\"elementor-element elementor-element-ac880a7 elementor-widget elementor-widget-text-editor\" data-id=\"ac880a7\" data-element_type=\"widget\" data-widget_type=\"text-editor.default\">\n\t\t\t\t<div class=\"elementor-widget-container\">\n\t\t\t\t\t\t\t<p class=\"m_2544301989087142243gmail-p1\">Av. Cel. Fernando Ferreira Leite, 305 \u2013 Residencial Fl\u00f3rida\n<u><\/u><u><\/u>CEP: 14026-010\nTel.\u00a0<a href=\"http:\/\/tel:1636203320\" target=\"_blank\" rel=\"noopener\">+55 16 3620-3320<\/a><\/p>\t\t\t\t\t\t<\/div>\n\t\t\t\t<\/div>\n\t\t\t\t<div class=\"elementor-element elementor-element-7e92c57 elementor-widget elementor-widget-google_maps\" data-id=\"7e92c57\" data-element_type=\"widget\" data-widget_type=\"google_maps.default\">\n\t\t\t\t<div class=\"elementor-widget-container\">\n\t\t\t\t\t<div class=\"elementor-custom-embed\">\n\t\t\t<iframe loading=\"lazy\"\n\t\t\t\t\tsrc=\"https:\/\/maps.google.com\/maps?q=Avenida%20Coronel%20Fernando%20Ferreira%20Leite%2C%20305%20&#038;t=m&#038;z=13&#038;output=embed&#038;iwloc=near\"\n\t\t\t\t\ttitle=\"Avenida Coronel Fernando Ferreira Leite, 305 \"\n\t\t\t\t\taria-label=\"Avenida Coronel Fernando Ferreira Leite, 305 \"\n\t\t\t><\/iframe>\n\t\t<\/div>\n\t\t\t\t<\/div>\n\t\t\t\t<\/div>\n\t\t\t\t<div class=\"elementor-element elementor-element-b21354f elementor-widget elementor-widget-heading\" data-id=\"b21354f\" data-element_type=\"widget\" data-widget_type=\"heading.default\">\n\t\t\t\t<div class=\"elementor-widget-container\">\n\t\t\t<h5 class=\"elementor-heading-title elementor-size-default\">Unidad Fabril \u2013 Jaboticabal-SP<\/h5>\t\t<\/div>\n\t\t\t\t<\/div>\n\t\t\t\t<div class=\"elementor-element elementor-element-c9e3416 elementor-widget elementor-widget-text-editor\" data-id=\"c9e3416\" data-element_type=\"widget\" data-widget_type=\"text-editor.default\">\n\t\t\t\t<div class=\"elementor-widget-container\">\n\t\t\t\t\t\t\t<p class=\"m_2402724441235628715gmail-p1\">Rua Antonio Guerreiro, 81 \u2013 Pq. Ind. Bruno Verardino<br \/><u><\/u><u><\/u>CEP: 14876-270<br \/><u><\/u><u><\/u>Tel. <a href=\"tel:1632025199\">+55 16 3202-5199<\/a><\/p>\t\t\t\t\t\t<\/div>\n\t\t\t\t<\/div>\n\t\t\t\t<div class=\"elementor-element elementor-element-755bb6f elementor-hidden-desktop elementor-hidden-tablet elementor-hidden-phone elementor-widget elementor-widget-google_maps\" data-id=\"755bb6f\" data-element_type=\"widget\" data-widget_type=\"google_maps.default\">\n\t\t\t\t<div class=\"elementor-widget-container\">\n\t\t\t\t\t<div class=\"elementor-custom-embed\">\n\t\t\t<iframe loading=\"lazy\"\n\t\t\t\t\tsrc=\"https:\/\/maps.google.com\/maps?q=Rua%20Antonio%20Guerreiro%2C%2081%20Jaboticabal%20SP&#038;t=m&#038;z=13&#038;output=embed&#038;iwloc=near\"\n\t\t\t\t\ttitle=\"Rua Antonio Guerreiro, 81 Jaboticabal SP\"\n\t\t\t\t\taria-label=\"Rua Antonio Guerreiro, 81 Jaboticabal SP\"\n\t\t\t><\/iframe>\n\t\t<\/div>\n\t\t\t\t<\/div>\n\t\t\t\t<\/div>\n\t\t\t\t<div class=\"elementor-element elementor-element-8ad690b elementor-widget elementor-widget-heading\" data-id=\"8ad690b\" data-element_type=\"widget\" data-widget_type=\"heading.default\">\n\t\t\t\t<div class=\"elementor-widget-container\">\n\t\t\t<h5 class=\"elementor-heading-title elementor-size-default\">Correo Electr\u00f3nico<\/h5>\t\t<\/div>\n\t\t\t\t<\/div>\n\t\t\t\t<div class=\"elementor-element elementor-element-ef0ed80 elementor-widget elementor-widget-text-editor\" data-id=\"ef0ed80\" data-element_type=\"widget\" data-widget_type=\"text-editor.default\">\n\t\t\t\t<div class=\"elementor-widget-container\">\n\t\t\t\t\t\t\t<a href=\"mailto:site@santaclaraagro.com.br\"><img decoding=\"async\" class=\"alignnone size-full wp-image-2705\" src=\"https:\/\/santaclaraagro.com.br\/wp-content\/uploads\/2024\/01\/Screenshot-2024-01-11-at-16.40.03.png\" alt=\"\" width=\"210\" height=\"21\" srcset=\"https:\/\/santaclaraagro.com.br\/wp-content\/uploads\/2024\/01\/Screenshot-2024-01-11-at-16.40.03.png 210w, https:\/\/santaclaraagro.com.br\/wp-content\/uploads\/2024\/01\/Screenshot-2024-01-11-at-16.40.03-16x2.png 16w, https:\/\/santaclaraagro.com.br\/wp-content\/uploads\/2024\/01\/Screenshot-2024-01-11-at-16.40.03-64x6.png 64w\" sizes=\"(max-width: 210px) 100vw, 210px\" \/><\/a>\t\t\t\t\t\t<\/div>\n\t\t\t\t<\/div>\n\t\t\t\t<div class=\"elementor-element elementor-element-20ebd97 elementor-widget elementor-widget-heading\" data-id=\"20ebd97\" data-element_type=\"widget\" data-widget_type=\"heading.default\">\n\t\t\t\t<div class=\"elementor-widget-container\">\n\t\t\t<h5 class=\"elementor-heading-title elementor-size-default\">Canal Exclusivo<\/h5>\t\t<\/div>\n\t\t\t\t<\/div>\n\t\t\t\t<div class=\"elementor-element elementor-element-0825c3d elementor-widget elementor-widget-text-editor\" data-id=\"0825c3d\" data-element_type=\"widget\" data-widget_type=\"text-editor.default\">\n\t\t\t\t<div class=\"elementor-widget-container\">\n\t\t\t\t\t\t\t<p>Canal exclusivo para resoluci\u00f3n de problemas, quejas y satisfacci\u00f3n del consumidor. <a href=\"https:\/\/santaclaraagro.com.br\/es\/ouvidoria\/\">Clique aqui<\/a><\/p>\t\t\t\t\t\t<\/div>\n\t\t\t\t<\/div>\n\t\t\t\t\t<\/div>\n\t\t<\/div>\n\t\t\t\t<div class=\"elementor-column elementor-col-50 elementor-top-column elementor-element elementor-element-13b4b7b\" data-id=\"13b4b7b\" data-element_type=\"column\" data-settings=\"{&quot;background_background&quot;:&quot;classic&quot;}\">\n\t\t\t<div class=\"elementor-widget-wrap elementor-element-populated\">\n\t\t\t\t\t\t<div class=\"elementor-element elementor-element-9838ac3 elementor-widget elementor-widget-text-editor\" data-id=\"9838ac3\" data-element_type=\"widget\" data-widget_type=\"text-editor.default\">\n\t\t\t\t<div class=\"elementor-widget-container\">\n\t\t\t\t\t\t\t<p>home \/ fale conosco<\/p>\t\t\t\t\t\t<\/div>\n\t\t\t\t<\/div>\n\t\t\t\t<div class=\"elementor-element elementor-element-434e4d9 elementor-widget elementor-widget-heading\" data-id=\"434e4d9\" data-element_type=\"widget\" data-widget_type=\"heading.default\">\n\t\t\t\t<div class=\"elementor-widget-container\">\n\t\t\t<h2 class=\"elementor-heading-title elementor-size-default\">COMPLETE<br>\nEL FORMULARIO<br>\n<\/h2>\t\t<\/div>\n\t\t\t\t<\/div>\n\t\t\t\t<div class=\"elementor-element elementor-element-6bc4056 elementor-button-align-stretch elementor-widget elementor-widget-form\" data-id=\"6bc4056\" data-element_type=\"widget\" data-settings=\"{&quot;step_next_label&quot;:&quot;Next&quot;,&quot;step_previous_label&quot;:&quot;Previous&quot;,&quot;button_width&quot;:&quot;100&quot;,&quot;step_type&quot;:&quot;number_text&quot;,&quot;step_icon_shape&quot;:&quot;circle&quot;}\" data-widget_type=\"form.default\">\n\t\t\t\t<div class=\"elementor-widget-container\">\n\t\t\t\t\t<form class=\"elementor-form\" method=\"post\" name=\"faleconosco\" action=\"\">\n\t\t\t<input type=\"hidden\" name=\"post_id\" value=\"716\"\/>\n\t\t\t<input type=\"hidden\" name=\"form_id\" value=\"6bc4056\"\/>\n\t\t\t<input type=\"hidden\" name=\"referer_title\" value=\"\" \/>\n\n\t\t\t\n\t\t\t<div class=\"elementor-form-fields-wrapper elementor-labels-above\">\n\t\t\t\t\t\t\t\t<div class=\"elementor-field-type-text elementor-field-group elementor-column elementor-field-group-name elementor-col-100 elementor-field-required elementor-mark-required\">\n\t\t\t\t\t\t\t\t\t\t\t\t<label for=\"form-field-name\" class=\"elementor-field-label\">\n\t\t\t\t\t\t\t\tNombre Completo\t\t\t\t\t\t\t<\/label>\n\t\t\t\t\t\t\t\t\t\t\t\t\t\t<input size=\"1\" type=\"text\" name=\"form_fields[name]\" id=\"form-field-name\" class=\"elementor-field elementor-size-sm  elementor-field-textual\" required=\"required\" aria-required=\"true\">\n\t\t\t\t\t\t\t\t\t\t\t<\/div>\n\t\t\t\t\t\t\t\t<div class=\"elementor-field-type-email elementor-field-group elementor-column elementor-field-group-email elementor-col-100 elementor-field-required elementor-mark-required\">\n\t\t\t\t\t\t\t\t\t\t\t\t<label for=\"form-field-email\" class=\"elementor-field-label\">\n\t\t\t\t\t\t\t\tCorreo Electr\u00f3nico\t\t\t\t\t\t\t<\/label>\n\t\t\t\t\t\t\t\t\t\t\t\t\t\t<input size=\"1\" type=\"email\" name=\"form_fields[email]\" id=\"form-field-email\" class=\"elementor-field elementor-size-sm  elementor-field-textual\" required=\"required\" aria-required=\"true\">\n\t\t\t\t\t\t\t\t\t\t\t<\/div>\n\t\t\t\t\t\t\t\t<div class=\"elementor-field-type-text elementor-field-group elementor-column elementor-field-group-field_5507dad elementor-col-100 elementor-field-required elementor-mark-required\">\n\t\t\t\t\t\t\t\t\t\t\t\t<label for=\"form-field-field_5507dad\" class=\"elementor-field-label\">\n\t\t\t\t\t\t\t\tWhatsApp\t\t\t\t\t\t\t<\/label>\n\t\t\t\t\t\t\t\t\t\t\t\t\t\t<input size=\"1\" type=\"text\" name=\"form_fields[field_5507dad]\" id=\"form-field-field_5507dad\" class=\"elementor-field elementor-size-sm  elementor-field-textual\" required=\"required\" aria-required=\"true\">\n\t\t\t\t\t\t\t\t\t\t\t<\/div>\n\t\t\t\t\t\t\t\t<div class=\"elementor-field-type-text elementor-field-group elementor-column elementor-field-group-field_0252d08 elementor-col-100\">\n\t\t\t\t\t\t\t\t\t\t\t\t<label for=\"form-field-field_0252d08\" class=\"elementor-field-label\">\n\t\t\t\t\t\t\t\tCiudad\t\t\t\t\t\t\t<\/label>\n\t\t\t\t\t\t\t\t\t\t\t\t\t\t<input size=\"1\" type=\"text\" name=\"form_fields[field_0252d08]\" id=\"form-field-field_0252d08\" class=\"elementor-field elementor-size-sm  elementor-field-textual\">\n\t\t\t\t\t\t\t\t\t\t\t<\/div>\n\t\t\t\t\t\t\t\t<div class=\"elementor-field-type-select elementor-field-group elementor-column elementor-field-group-field_84a60a0 elementor-col-100 elementor-field-required elementor-mark-required\">\n\t\t\t\t\t\t\t\t\t\t\t\t<label for=\"form-field-field_84a60a0\" class=\"elementor-field-label\">\n\t\t\t\t\t\t\t\tEstado\t\t\t\t\t\t\t<\/label>\n\t\t\t\t\t\t\t\t<div class=\"elementor-field elementor-select-wrapper remove-before\">\n\t\t\t<div class=\"select-caret-down-wrapper\">\n\t\t\t\t<i aria-hidden=\"true\" class=\"eicon-caret-down\"><\/i>\t\t\t<\/div>\n\t\t\t<select name=\"form_fields[field_84a60a0]\" id=\"form-field-field_84a60a0\" class=\"elementor-field-textual elementor-size-sm\" required=\"required\" aria-required=\"true\">\n\t\t\t\t\t\t\t\t\t<option value=\"Selecione\">Selecione<\/option>\n\t\t\t\t\t\t\t\t\t<option value=\"Acre\">AC<\/option>\n\t\t\t\t\t\t\t\t\t<option value=\"Alagoas\">AL<\/option>\n\t\t\t\t\t\t\t\t\t<option value=\"Amap\u00e1\">AP<\/option>\n\t\t\t\t\t\t\t\t\t<option value=\"Amazonas\">AM<\/option>\n\t\t\t\t\t\t\t\t\t<option value=\"Bahia\">BA<\/option>\n\t\t\t\t\t\t\t\t\t<option value=\"Cear\u00e1\">CE<\/option>\n\t\t\t\t\t\t\t\t\t<option value=\"Distrito Federal\">DF<\/option>\n\t\t\t\t\t\t\t\t\t<option value=\"Esp\u00edrito Santo\">ES<\/option>\n\t\t\t\t\t\t\t\t\t<option value=\"Goi\u00e1s\">GO<\/option>\n\t\t\t\t\t\t\t\t\t<option value=\"Maranh\u00e3o\">MA<\/option>\n\t\t\t\t\t\t\t\t\t<option value=\"Mato Grosso\">MT<\/option>\n\t\t\t\t\t\t\t\t\t<option value=\"Mato Grosso do Sul\">MS<\/option>\n\t\t\t\t\t\t\t\t\t<option value=\"Minas Gerais\">MG<\/option>\n\t\t\t\t\t\t\t\t\t<option value=\"Par\u00e1\">PA<\/option>\n\t\t\t\t\t\t\t\t\t<option value=\"Para\u00edba\">PB<\/option>\n\t\t\t\t\t\t\t\t\t<option value=\"Paran\u00e1\">PR<\/option>\n\t\t\t\t\t\t\t\t\t<option value=\"Pernambuco\">PE<\/option>\n\t\t\t\t\t\t\t\t\t<option value=\"Piau\u00ed\">PI<\/option>\n\t\t\t\t\t\t\t\t\t<option value=\"Rio de Janeiro\">RJ<\/option>\n\t\t\t\t\t\t\t\t\t<option value=\"Rio Grande do Norte\">RN<\/option>\n\t\t\t\t\t\t\t\t\t<option value=\"Rio Grande do Sul\">RS<\/option>\n\t\t\t\t\t\t\t\t\t<option value=\"Rond\u00f4nia\">RO<\/option>\n\t\t\t\t\t\t\t\t\t<option value=\"Roraima\">RR<\/option>\n\t\t\t\t\t\t\t\t\t<option value=\"Santa Catarina\">SC<\/option>\n\t\t\t\t\t\t\t\t\t<option value=\"S\u00e3o Paulo\">SP<\/option>\n\t\t\t\t\t\t\t\t\t<option value=\"Sergipe\">SE<\/option>\n\t\t\t\t\t\t\t\t\t<option value=\"Tocantins\">TO<\/option>\n\t\t\t\t\t\t\t<\/select>\n\t\t<\/div>\n\t\t\t\t\t\t<\/div>\n\t\t\t\t\t\t\t\t<div class=\"elementor-field-type-textarea elementor-field-group elementor-column elementor-field-group-field_5f9f41b elementor-col-100 elementor-field-required elementor-mark-required\">\n\t\t\t\t\t\t\t\t\t\t\t\t<label for=\"form-field-field_5f9f41b\" class=\"elementor-field-label\">\n\t\t\t\t\t\t\t\tMensaje\t\t\t\t\t\t\t<\/label>\n\t\t\t\t\t\t<textarea class=\"elementor-field-textual elementor-field  elementor-size-sm\" name=\"form_fields[field_5f9f41b]\" id=\"form-field-field_5f9f41b\" rows=\"4\" required=\"required\" aria-required=\"true\"><\/textarea>\t\t\t\t<\/div>\n\t\t\t\t\t\t\t\t<div class=\"elementor-field-type-acceptance elementor-field-group elementor-column elementor-field-group-aceite elementor-col-100 elementor-field-required elementor-mark-required\">\n\t\t\t\t\t\t\t<div class=\"elementor-field-subgroup\">\n\t\t\t<span class=\"elementor-field-option\">\n\t\t\t\t<input type=\"checkbox\" name=\"form_fields[aceite]\" id=\"form-field-aceite\" class=\"elementor-field elementor-size-sm  elementor-acceptance-field\" required=\"required\" aria-required=\"true\" checked=\"checked\">\n\t\t\t\t<label for=\"form-field-aceite\">Acepto los t\u00e9rminos de <a href=\"https:\/\/santaclaraagro.com.br\/es\/politica-de-privacidade\/\">pol\u00edtica de privacidad del sitio web<\/a><\/label>\t\t\t<\/span>\n\t\t<\/div>\n\t\t\t\t\t\t<\/div>\n\t\t\t\t\t\t\t\t<div class=\"elementor-field-group elementor-column elementor-field-type-submit elementor-col-100 e-form__buttons\">\n\t\t\t\t\t<button class=\"elementor-button elementor-size-sm\" type=\"submit\">\n\t\t\t\t\t\t<span class=\"elementor-button-content-wrapper\">\n\t\t\t\t\t\t\t\t\t\t\t\t\t\t\t\t\t\t\t\t\t\t<span class=\"elementor-button-text\">Enviar<\/span>\n\t\t\t\t\t\t\t\t\t\t\t\t\t<\/span>\n\t\t\t\t\t<\/button>\n\t\t\t\t<\/div>\n\t\t\t<\/div>\n\t\t<input type=\"hidden\" name=\"trp-form-language\" value=\"es\"\/><\/form>\n\t\t\t\t<\/div>\n\t\t\t\t<\/div>\n\t\t\t\t\t<\/div>\n\t\t<\/div>\n\t\t\t\t\t<\/div>\n\t\t<\/section>\n\t\t\t\t<\/div>","protected":false},"excerpt":{"rendered":"<p>Fale Conosco Ol\u00e1! Tudo bem? N\u00f3s da Santa Clara Agroci\u00eancia, adoramos ouvir o que nossos clientes t\u00eam a dizer. Por isso, criamos esta p\u00e1gina de Fale Conosco para que voc\u00ea possa compartilhar suas d\u00favidas, sugest\u00f5es ou elogios. Atenciosamente,&nbsp;Equipe Santa Clara Unidade administrativa- Ribeir\u00e3o Preto &#8211; SP Av. Cel. Fernando Ferreira Leite, 305 \u2013 Residencial Fl\u00f3rida [&hellip;]<\/p>","protected":false},"author":1,"featured_media":0,"parent":0,"menu_order":0,"comment_status":"closed","ping_status":"closed","template":"elementor_header_footer","meta":{"footnotes":""},"class_list":["post-716","page","type-page","status-publish","hentry"],"_links":{"self":[{"href":"https:\/\/santaclaraagro.com.br\/es\/wp-json\/wp\/v2\/pages\/716"}],"collection":[{"href":"https:\/\/santaclaraagro.com.br\/es\/wp-json\/wp\/v2\/pages"}],"about":[{"href":"https:\/\/santaclaraagro.com.br\/es\/wp-json\/wp\/v2\/types\/page"}],"author":[{"embeddable":true,"href":"https:\/\/santaclaraagro.com.br\/es\/wp-json\/wp\/v2\/users\/1"}],"replies":[{"embeddable":true,"href":"https:\/\/santaclaraagro.com.br\/es\/wp-json\/wp\/v2\/comments?post=716"}],"version-history":[{"count":16,"href":"https:\/\/santaclaraagro.com.br\/es\/wp-json\/wp\/v2\/pages\/716\/revisions"}],"predecessor-version":[{"id":2805,"href":"https:\/\/santaclaraagro.com.br\/es\/wp-json\/wp\/v2\/pages\/716\/revisions\/2805"}],"wp:attachment":[{"href":"https:\/\/santaclaraagro.com.br\/es\/wp-json\/wp\/v2\/media?parent=716"}],"curies":[{"name":"wp","href":"https:\/\/api.w.org\/{rel}","templated":true}]}}