{"id":1941,"date":"2023-03-01T12:33:48","date_gmt":"2023-03-01T15:33:48","guid":{"rendered":"https:\/\/santaclaraagro.com.br\/?post_type=product&#038;p=1941"},"modified":"2023-04-20T15:00:57","modified_gmt":"2023-04-20T18:00:57","slug":"n-top","status":"publish","type":"product","link":"https:\/\/santaclaraagro.com.br\/es\/produto\/n-top\/","title":{"rendered":"N Top"},"content":{"rendered":"<ul>\n<li class=\"p1\">Aporta nitr\u00f3geno (N) con alta eficiencia agron\u00f3mica;<\/li>\n<li class=\"p1\"><span class=\"s1\">Cuenta con diferentes fuentes de nitr\u00f3geno (N) y aditivos que regulan la liberaci\u00f3n gradual del nutriente dentro del ciclo de crecimiento de los cultivos;<\/span><\/li>\n<li class=\"p1\">Presenta menores p\u00e9rdidas por volatilizaci\u00f3n y lixiviaci\u00f3n y aumenta la absorci\u00f3n y eficiencia de uso por las plantas en comparaci\u00f3n con los fertilizantes s\u00f3lidos convencionales;<\/li>\n<li class=\"p1\"><span class=\"s2\">Bajo riesgo de fitotoxicidad;<\/span><\/li>\n<li class=\"p1\">Efecto complementario de la asociaci\u00f3n con sustancias h\u00famicas y f\u00falvicas, que aumentan el aprovechamiento del nitr\u00f3geno (N) y su efecto en las plantas;<\/li>\n<li class=\"p1\">Permite aplicaci\u00f3n y distribuci\u00f3n uniforme (pulverizaci\u00f3n\/drench);<\/li>\n<li class=\"p1\"><span class=\"s2\">Aplicaci\u00f3n independiente de las condiciones clim\u00e1ticas y de humedad del suelo, y menor volumen de transporte y almacenamiento del producto;<\/span><\/li>\n<li class=\"p1\">Bajo riesgo de corrosi\u00f3n en los equipos en relaci\u00f3n a las principales fuentes de nitr\u00f3geno.<\/li>\n<\/ul>","protected":false},"excerpt":{"rendered":"<p class=\"p1\"><strong>Nitr\u00f3geno (N) l\u00edquido de liberaci\u00f3n gradual<\/strong><\/p>","protected":false},"featured_media":1931,"template":"","meta":[],"product_cat":[39],"product_tag":[],"class_list":{"0":"post-1941","1":"product","2":"type-product","3":"status-publish","4":"has-post-thumbnail","6":"product_cat-produtos","8":"first","9":"instock","10":"shipping-taxable","11":"product-type-simple"},"_links":{"self":[{"href":"https:\/\/santaclaraagro.com.br\/es\/wp-json\/wp\/v2\/product\/1941"}],"collection":[{"href":"https:\/\/santaclaraagro.com.br\/es\/wp-json\/wp\/v2\/product"}],"about":[{"href":"https:\/\/santaclaraagro.com.br\/es\/wp-json\/wp\/v2\/types\/product"}],"wp:featuredmedia":[{"embeddable":true,"href":"https:\/\/santaclaraagro.com.br\/es\/wp-json\/wp\/v2\/media\/1931"}],"wp:attachment":[{"href":"https:\/\/santaclaraagro.com.br\/es\/wp-json\/wp\/v2\/media?parent=1941"}],"wp:term":[{"taxonomy":"product_cat","embeddable":true,"href":"https:\/\/santaclaraagro.com.br\/es\/wp-json\/wp\/v2\/product_cat?post=1941"},{"taxonomy":"product_tag","embeddable":true,"href":"https:\/\/santaclaraagro.com.br\/es\/wp-json\/wp\/v2\/product_tag?post=1941"}],"curies":[{"name":"wp","href":"https:\/\/api.w.org\/{rel}","templated":true}]}}