{"id":1942,"date":"2023-03-01T14:13:45","date_gmt":"2023-03-01T17:13:45","guid":{"rendered":"https:\/\/santaclaraagro.com.br\/?post_type=product&#038;p=1942"},"modified":"2024-06-24T15:47:08","modified_gmt":"2024-06-24T18:47:08","slug":"salut","status":"publish","type":"product","link":"https:\/\/santaclaraagro.com.br\/es\/produto\/salut\/","title":{"rendered":"Salut"},"content":{"rendered":"<ul>\n<li class=\"p1\">Facilidad de uso en fumigaci\u00f3n agr\u00edcola;<\/li>\n<li class=\"p1\">Promove boa cobertura de \u00e1cido fosforoso (H3P03) e cobre (Cu) na \u00e1rea foliar da planta;<\/li>\n<li class=\"p1\">A\u00e7\u00e3o sin\u00e9rgica entre \u00e1cido fosforoso (H3P03) e cobre (Cu);<\/li>\n<li class=\"p1\">Atua no processo de s\u00edntese de lignina, fitoalexinas e no funcionamento de enzimas antiestresse (SOD, PFO);<\/li>\n<li class=\"p1\">Producto de alto nivel tecnol\u00f3gico y eficacia en el campo;<\/li>\n<li class=\"p1\">Fortalece las paredes celulares, aumentando la protecci\u00f3n contra los factores ambientales;<\/li>\n<li class=\"p1\">Proporciona plantas m\u00e1s fuertes durante los periodos de crecimiento y reproducci\u00f3n;<\/li>\n<li class=\"p1\">Melhora a qualidade dos frutos e flores ap\u00f3s a colheita.<\/li>\n<\/ul>","protected":false},"excerpt":{"rendered":"<p class=\"p1\"><strong>Tecnolog\u00eda y eficacia en el campo<\/strong><\/p>","protected":false},"featured_media":1933,"template":"","meta":[],"product_cat":[39],"product_tag":[],"class_list":{"0":"post-1942","1":"product","2":"type-product","3":"status-publish","4":"has-post-thumbnail","6":"product_cat-produtos","8":"first","9":"instock","10":"shipping-taxable","11":"product-type-simple"},"_links":{"self":[{"href":"https:\/\/santaclaraagro.com.br\/es\/wp-json\/wp\/v2\/product\/1942"}],"collection":[{"href":"https:\/\/santaclaraagro.com.br\/es\/wp-json\/wp\/v2\/product"}],"about":[{"href":"https:\/\/santaclaraagro.com.br\/es\/wp-json\/wp\/v2\/types\/product"}],"wp:featuredmedia":[{"embeddable":true,"href":"https:\/\/santaclaraagro.com.br\/es\/wp-json\/wp\/v2\/media\/1933"}],"wp:attachment":[{"href":"https:\/\/santaclaraagro.com.br\/es\/wp-json\/wp\/v2\/media?parent=1942"}],"wp:term":[{"taxonomy":"product_cat","embeddable":true,"href":"https:\/\/santaclaraagro.com.br\/es\/wp-json\/wp\/v2\/product_cat?post=1942"},{"taxonomy":"product_tag","embeddable":true,"href":"https:\/\/santaclaraagro.com.br\/es\/wp-json\/wp\/v2\/product_tag?post=1942"}],"curies":[{"name":"wp","href":"https:\/\/api.w.org\/{rel}","templated":true}]}}