{"id":1943,"date":"2023-03-01T14:17:54","date_gmt":"2023-03-01T17:17:54","guid":{"rendered":"https:\/\/santaclaraagro.com.br\/?post_type=product&#038;p=1943"},"modified":"2024-12-12T09:11:00","modified_gmt":"2024-12-12T12:11:00","slug":"intacto","status":"publish","type":"product","link":"https:\/\/santaclaraagro.com.br\/es\/produto\/intacto\/","title":{"rendered":"Intacto"},"content":{"rendered":"<ul>\n<li class=\"p1\">Aporta f\u00f3sforo (P) y nitr\u00f3geno (N); elementos fundamentales para los cultivos agr\u00edcolas;<\/li>\n<li class=\"p1\">Formulado \u00e0 base de polifosfato de am\u00f4nio e subst\u00e2ncias h\u00famicas, reduz as perdas de f\u00f3sforo (P) e nitrog\u00eanio (N);<\/li>\n<li class=\"p1\">Fonte de f\u00f3sforo (P) eficiente com maior aproveitamento do P aplicado;<\/li>\n<li class=\"p1\">A\u00e7\u00e3o sin\u00e9rgica do f\u00f3sforo (P) e nitrog\u00eanio (N) com as subst\u00e2ncias h\u00famicas, promovendo plantas bem nutridas, com maior enraizamento e melhor aproveitamento de \u00e1gua e nutrientes;<\/li>\n<li class=\"p1\">Mayor penetraci\u00f3n y movilidad en el suelo, especialmente en condiciones de baja humedad o altos niveles de arcilla y\/o compactaci\u00f3n;<\/li>\n<li class=\"p1\">Possui pH neutro, podendo ser aplicado em elevadas concentra\u00e7\u00f5es no solo ou em pulveriza\u00e7\u00f5es foliares (baixo risco de fitotoxidade);<\/li>\n<li class=\"p1\">F\u00e1cil aplica\u00e7\u00e3o (via barra, piv\u00f4, aspers\u00e3o, gotejamento, drench e etc);<\/li>\n<li class=\"p1\"><span class=\"s1\">Disponibiliza\u00e7\u00e3o gradual de f\u00f3sforo (P) para atender \u00e0s demandas da cultura ao longo do ciclo.<\/span><\/li>\n<\/ul>","protected":false},"excerpt":{"rendered":"<p class=\"p1\"><strong>F\u00f3sforo de alta disponibilidade para a energia extra que sua lavoura precisa<\/strong><\/p>","protected":false},"featured_media":1927,"template":"","meta":[],"product_cat":[39],"product_tag":[],"class_list":{"0":"post-1943","1":"product","2":"type-product","3":"status-publish","4":"has-post-thumbnail","6":"product_cat-produtos","8":"first","9":"instock","10":"shipping-taxable","11":"product-type-simple"},"_links":{"self":[{"href":"https:\/\/santaclaraagro.com.br\/es\/wp-json\/wp\/v2\/product\/1943"}],"collection":[{"href":"https:\/\/santaclaraagro.com.br\/es\/wp-json\/wp\/v2\/product"}],"about":[{"href":"https:\/\/santaclaraagro.com.br\/es\/wp-json\/wp\/v2\/types\/product"}],"wp:featuredmedia":[{"embeddable":true,"href":"https:\/\/santaclaraagro.com.br\/es\/wp-json\/wp\/v2\/media\/1927"}],"wp:attachment":[{"href":"https:\/\/santaclaraagro.com.br\/es\/wp-json\/wp\/v2\/media?parent=1943"}],"wp:term":[{"taxonomy":"product_cat","embeddable":true,"href":"https:\/\/santaclaraagro.com.br\/es\/wp-json\/wp\/v2\/product_cat?post=1943"},{"taxonomy":"product_tag","embeddable":true,"href":"https:\/\/santaclaraagro.com.br\/es\/wp-json\/wp\/v2\/product_tag?post=1943"}],"curies":[{"name":"wp","href":"https:\/\/api.w.org\/{rel}","templated":true}]}}