{"id":1947,"date":"2023-03-01T14:58:47","date_gmt":"2023-03-01T17:58:47","guid":{"rendered":"https:\/\/santaclaraagro.com.br\/?post_type=product&#038;p=1947"},"modified":"2023-04-20T15:06:28","modified_gmt":"2023-04-20T18:06:28","slug":"arquitec","status":"publish","type":"product","link":"https:\/\/santaclaraagro.com.br\/es\/produto\/arquitec\/","title":{"rendered":"Arquitec"},"content":{"rendered":"<ul>\n<li class=\"p1\">Nutrici\u00f3n que fortalece las paredes celulares y estructuras vegetales con compuestos org\u00e1nicos que ayudan en el desarrollo de las yemas laterales (ramas y flores);<\/li>\n<li class=\"p1\">F\u00e1cil de usar, con aplicaci\u00f3n de dosis \u00fanica;<\/li>\n<li class=\"p1\">Act\u00faa sobre el metabolismo de las plantas;<\/li>\n<li class=\"p1\">Formulado con fuentes org\u00e1nicas y minerales (nutrientes) equilibradas para acci\u00f3n espec\u00edfica;<\/li>\n<li class=\"p1\">Reduce el riesgo al acame de plantas;<\/li>\n<li class=\"p1\">Mejora el aprovechamiento del espacio y luz solar;<\/li>\n<li class=\"p1\">Mejora la formaci\u00f3n de los componentes de producci\u00f3n;<\/li>\n<li class=\"p1\">Ayuda a alcanzar el potencial productivo del cultivo.<\/li>\n<\/ul>","protected":false},"excerpt":{"rendered":"<p class=\"p1\"><strong>Plantas con mejor estructura y ramificaci\u00f3n<\/strong><\/p>","protected":false},"featured_media":1948,"template":"","meta":[],"product_cat":[39],"product_tag":[],"class_list":{"0":"post-1947","1":"product","2":"type-product","3":"status-publish","4":"has-post-thumbnail","6":"product_cat-produtos","8":"first","9":"instock","10":"shipping-taxable","11":"product-type-simple"},"_links":{"self":[{"href":"https:\/\/santaclaraagro.com.br\/es\/wp-json\/wp\/v2\/product\/1947"}],"collection":[{"href":"https:\/\/santaclaraagro.com.br\/es\/wp-json\/wp\/v2\/product"}],"about":[{"href":"https:\/\/santaclaraagro.com.br\/es\/wp-json\/wp\/v2\/types\/product"}],"wp:featuredmedia":[{"embeddable":true,"href":"https:\/\/santaclaraagro.com.br\/es\/wp-json\/wp\/v2\/media\/1948"}],"wp:attachment":[{"href":"https:\/\/santaclaraagro.com.br\/es\/wp-json\/wp\/v2\/media?parent=1947"}],"wp:term":[{"taxonomy":"product_cat","embeddable":true,"href":"https:\/\/santaclaraagro.com.br\/es\/wp-json\/wp\/v2\/product_cat?post=1947"},{"taxonomy":"product_tag","embeddable":true,"href":"https:\/\/santaclaraagro.com.br\/es\/wp-json\/wp\/v2\/product_tag?post=1947"}],"curies":[{"name":"wp","href":"https:\/\/api.w.org\/{rel}","templated":true}]}}