{"id":1949,"date":"2023-03-01T15:05:53","date_gmt":"2023-03-01T18:05:53","guid":{"rendered":"https:\/\/santaclaraagro.com.br\/?post_type=product&#038;p=1949"},"modified":"2025-06-12T17:48:06","modified_gmt":"2025-06-12T20:48:06","slug":"matriz-g","status":"publish","type":"product","link":"https:\/\/santaclaraagro.com.br\/es\/produto\/matriz-g\/","title":{"rendered":"Matriz G"},"content":{"rendered":"<ul>\n<li class=\"p1\">Producto concentrado de nutrientes y compuestos org\u00e1nicos;<\/li>\n<li class=\"p1\">Contiene <span class=\"s1\"><i>Ascophyllum nodosum<\/i><\/span>, que auxilia na emerg\u00eancia das plantas e promove maior resist\u00eancia a estresses clim\u00e1ticos (h\u00eddrico, salino e t\u00e9rmico);<\/li>\n<li class=\"p1\">Mejora el desarrollo del sistema radicular y de las raicillas absorbentes;<\/li>\n<li class=\"p1\">Favorece a germina\u00e7\u00e3o e a emerg\u00eancia mais uniforme, melhorando o estande de plantas no campo;<\/li>\n<li class=\"p1\">Acelera o desenvolvimento inicial e o fechamento das lavouras;<\/li>\n<li class=\"p1\">Confere \u00e0s plantas maior toler\u00e2ncia \u00e0s adversidades clim\u00e1ticas;<\/li>\n<li class=\"p1\">Aumenta o potencial produtivo das lavouras.<\/li>\n<\/ul>\n<p>&nbsp;<\/p>\n<p><a href=\"https:\/\/santaclaraagro.com.br\/es\/ative-modo-matriz-g\/\"><img fetchpriority=\"high\" decoding=\"async\" class=\"alignnone size-medium wp-image-3007\" src=\"https:\/\/santaclaraagro.com.br\/wp-content\/uploads\/2025\/01\/Selo_Modo_MatrizG-300x177.png\" alt=\"\" width=\"300\" height=\"177\" srcset=\"https:\/\/santaclaraagro.com.br\/wp-content\/uploads\/2025\/01\/Selo_Modo_MatrizG-300x177.png 300w, https:\/\/santaclaraagro.com.br\/wp-content\/uploads\/2025\/01\/Selo_Modo_MatrizG-18x12.png 18w, https:\/\/santaclaraagro.com.br\/wp-content\/uploads\/2025\/01\/Selo_Modo_MatrizG-240x141.png 240w, https:\/\/santaclaraagro.com.br\/wp-content\/uploads\/2025\/01\/Selo_Modo_MatrizG-490x289.png 490w, https:\/\/santaclaraagro.com.br\/wp-content\/uploads\/2025\/01\/Selo_Modo_MatrizG.png 718w\" sizes=\"(max-width: 300px) 100vw, 300px\" \/><\/a><\/p>","protected":false},"excerpt":{"rendered":"<p class=\"p1\"><strong>Vigor para el desarrollo inicial<\/strong><\/p>","protected":false},"featured_media":1929,"template":"","meta":[],"product_cat":[39],"product_tag":[],"class_list":{"0":"post-1949","1":"product","2":"type-product","3":"status-publish","4":"has-post-thumbnail","6":"product_cat-produtos","8":"first","9":"instock","10":"shipping-taxable","11":"product-type-simple"},"_links":{"self":[{"href":"https:\/\/santaclaraagro.com.br\/es\/wp-json\/wp\/v2\/product\/1949"}],"collection":[{"href":"https:\/\/santaclaraagro.com.br\/es\/wp-json\/wp\/v2\/product"}],"about":[{"href":"https:\/\/santaclaraagro.com.br\/es\/wp-json\/wp\/v2\/types\/product"}],"wp:featuredmedia":[{"embeddable":true,"href":"https:\/\/santaclaraagro.com.br\/es\/wp-json\/wp\/v2\/media\/1929"}],"wp:attachment":[{"href":"https:\/\/santaclaraagro.com.br\/es\/wp-json\/wp\/v2\/media?parent=1949"}],"wp:term":[{"taxonomy":"product_cat","embeddable":true,"href":"https:\/\/santaclaraagro.com.br\/es\/wp-json\/wp\/v2\/product_cat?post=1949"},{"taxonomy":"product_tag","embeddable":true,"href":"https:\/\/santaclaraagro.com.br\/es\/wp-json\/wp\/v2\/product_tag?post=1949"}],"curies":[{"name":"wp","href":"https:\/\/api.w.org\/{rel}","templated":true}]}}