{"id":1951,"date":"2023-03-01T15:17:28","date_gmt":"2023-03-01T18:17:28","guid":{"rendered":"https:\/\/santaclaraagro.com.br\/?post_type=product&#038;p=1951"},"modified":"2023-04-20T15:12:44","modified_gmt":"2023-04-20T18:12:44","slug":"matriz-d-trans","status":"publish","type":"product","link":"https:\/\/santaclaraagro.com.br\/es\/produto\/matriz-d-trans\/","title":{"rendered":"Matriz D Trans"},"content":{"rendered":"<ul>\n<li class=\"p1\">Aporta f\u00f3sforo (P), nitr\u00f3geno (N), azufre (S), magnesio (Mg) y manganeso (Mn), elementos fundamentales para los cultivos agr\u00edcolas;<\/li>\n<li class=\"p1\">Contiene compuestos org\u00e1nicos, aportando amino\u00e1cidos esenciales;<\/li>\n<li class=\"p1\">Reduce los posibles efectos de \u201cbloqueo\u201d provocados por la aplicaci\u00f3n de pesticidas;<\/li>\n<li class=\"p1\">Contiene nitr\u00f3geno (N), lo que ayuda en la ruptura de  la cerarosidad de las hojas de las plantas;<\/li>\n<li class=\"p1\">Contiene manganeso (Mn) asociado y protegido por compuestos org\u00e1nicos.<\/li>\n<\/ul>","protected":false},"excerpt":{"rendered":"<p class=\"p1\"><strong>Proporciona manganeso (Mn) protegido y evita el \u201cbloqueo\u201d inicial de la soja.<\/strong><\/p>","protected":false},"featured_media":1952,"template":"","meta":[],"product_cat":[39],"product_tag":[],"class_list":{"0":"post-1951","1":"product","2":"type-product","3":"status-publish","4":"has-post-thumbnail","6":"product_cat-produtos","8":"first","9":"instock","10":"shipping-taxable","11":"product-type-simple"},"_links":{"self":[{"href":"https:\/\/santaclaraagro.com.br\/es\/wp-json\/wp\/v2\/product\/1951"}],"collection":[{"href":"https:\/\/santaclaraagro.com.br\/es\/wp-json\/wp\/v2\/product"}],"about":[{"href":"https:\/\/santaclaraagro.com.br\/es\/wp-json\/wp\/v2\/types\/product"}],"wp:featuredmedia":[{"embeddable":true,"href":"https:\/\/santaclaraagro.com.br\/es\/wp-json\/wp\/v2\/media\/1952"}],"wp:attachment":[{"href":"https:\/\/santaclaraagro.com.br\/es\/wp-json\/wp\/v2\/media?parent=1951"}],"wp:term":[{"taxonomy":"product_cat","embeddable":true,"href":"https:\/\/santaclaraagro.com.br\/es\/wp-json\/wp\/v2\/product_cat?post=1951"},{"taxonomy":"product_tag","embeddable":true,"href":"https:\/\/santaclaraagro.com.br\/es\/wp-json\/wp\/v2\/product_tag?post=1951"}],"curies":[{"name":"wp","href":"https:\/\/api.w.org\/{rel}","templated":true}]}}