{"id":1957,"date":"2023-03-01T15:41:06","date_gmt":"2023-03-01T18:41:06","guid":{"rendered":"https:\/\/santaclaraagro.com.br\/?post_type=product&#038;p=1957"},"modified":"2025-05-09T10:13:59","modified_gmt":"2025-05-09T13:13:59","slug":"totale","status":"publish","type":"product","link":"https:\/\/santaclaraagro.com.br\/es\/produto\/totale\/","title":{"rendered":"Linha Totale Suspens\u00e3o Concentrada"},"content":{"rendered":"<ul>\n<li>Linha em suspens\u00e3o concentrada com combina\u00e7\u00f5es nutricionais variadas;<\/li>\n<li>Formulaci\u00f3n concentrada, reduciendo la dosis aplicada y los costos operativos con transporte y almacenamiento de productos;<\/li>\n<li class=\"p1\">Libera gradativamente o nutriente, aumentando o aproveitamento pelas plantas e n\u00e3o ocasionando sintomas de fitotoxidade;<\/li>\n<li class=\"p1\">Formulaci\u00f3n l\u00edquida con tecnolog\u00eda de nanopart\u00edculas, que facilita el manejo y aplicaci\u00f3n de los productos, y materias primas de excelente calidad (sin obstrucci\u00f3n de filtros y boquillas de aspersi\u00f3n);<\/li>\n<li class=\"p1\">Suas part\u00edculas s\u00e3o extremamente pequenas e uniformes, ampliando seu contato com a superf\u00edcie do solo e com o sistema radicular, aumentando a solubiliza\u00e7\u00e3o e absor\u00e7\u00e3o dos nutrientes pelas plantas;<\/li>\n<li class=\"p1\">Presenta buena compatibilidad y aplicabilidad.<\/li>\n<\/ul>","protected":false},"excerpt":{"rendered":"<p class=\"p1\"><strong>Nanopart\u00edculas de nutrientes con liberaci\u00f3n gradual<\/strong><\/p>","protected":false},"featured_media":3221,"template":"","meta":[],"product_cat":[39],"product_tag":[],"class_list":{"0":"post-1957","1":"product","2":"type-product","3":"status-publish","4":"has-post-thumbnail","6":"product_cat-produtos","8":"first","9":"instock","10":"shipping-taxable","11":"product-type-simple"},"_links":{"self":[{"href":"https:\/\/santaclaraagro.com.br\/es\/wp-json\/wp\/v2\/product\/1957"}],"collection":[{"href":"https:\/\/santaclaraagro.com.br\/es\/wp-json\/wp\/v2\/product"}],"about":[{"href":"https:\/\/santaclaraagro.com.br\/es\/wp-json\/wp\/v2\/types\/product"}],"wp:featuredmedia":[{"embeddable":true,"href":"https:\/\/santaclaraagro.com.br\/es\/wp-json\/wp\/v2\/media\/3221"}],"wp:attachment":[{"href":"https:\/\/santaclaraagro.com.br\/es\/wp-json\/wp\/v2\/media?parent=1957"}],"wp:term":[{"taxonomy":"product_cat","embeddable":true,"href":"https:\/\/santaclaraagro.com.br\/es\/wp-json\/wp\/v2\/product_cat?post=1957"},{"taxonomy":"product_tag","embeddable":true,"href":"https:\/\/santaclaraagro.com.br\/es\/wp-json\/wp\/v2\/product_tag?post=1957"}],"curies":[{"name":"wp","href":"https:\/\/api.w.org\/{rel}","templated":true}]}}