{"id":1959,"date":"2023-03-01T15:45:32","date_gmt":"2023-03-01T18:45:32","guid":{"rendered":"https:\/\/santaclaraagro.com.br\/?post_type=product&#038;p=1959"},"modified":"2025-05-09T10:09:53","modified_gmt":"2025-05-09T13:09:53","slug":"totale-trans","status":"publish","type":"product","link":"https:\/\/santaclaraagro.com.br\/es\/produto\/totale-trans\/","title":{"rendered":"Linha Totale P\u00f3 Micronizado"},"content":{"rendered":"<ul>\n<li>Linha em P\u00f3 Micronizado com combina\u00e7\u00f5es nutricionais variadas;<\/li>\n<li class=\"p1\">Prevenci\u00f3n y\/o correcci\u00f3n de deficiencias nutricionales;<\/li>\n<li class=\"p1\">Solubilidad y concentraci\u00f3n de nutrientes estabilizados y protegidos con complejantes org\u00e1nicos y quelantes;<\/li>\n<li class=\"p1\">Nutrientes esenciales para el crecimiento y desarrollo vegetativo;<\/li>\n<li class=\"p1\">Aumenta los niveles de clorofila en las hojas, haciendo m\u00e1s activa la fotos\u00edntesis;<\/li>\n<li class=\"p1\">Bajo riesgo de problemas con obstrucci\u00f3n de boquillas, decantaci\u00f3n, corrosi\u00f3n y incompatibilidad.<\/li>\n<\/ul>","protected":false},"excerpt":{"rendered":"<p class=\"p1\"><strong>Solubilidad y concentraci\u00f3n de nutrientes protegidos y quelado<\/strong><\/p>","protected":false},"featured_media":2320,"template":"","meta":[],"product_cat":[39],"product_tag":[],"class_list":{"0":"post-1959","1":"product","2":"type-product","3":"status-publish","4":"has-post-thumbnail","6":"product_cat-produtos","8":"first","9":"instock","10":"shipping-taxable","11":"product-type-simple"},"_links":{"self":[{"href":"https:\/\/santaclaraagro.com.br\/es\/wp-json\/wp\/v2\/product\/1959"}],"collection":[{"href":"https:\/\/santaclaraagro.com.br\/es\/wp-json\/wp\/v2\/product"}],"about":[{"href":"https:\/\/santaclaraagro.com.br\/es\/wp-json\/wp\/v2\/types\/product"}],"wp:featuredmedia":[{"embeddable":true,"href":"https:\/\/santaclaraagro.com.br\/es\/wp-json\/wp\/v2\/media\/2320"}],"wp:attachment":[{"href":"https:\/\/santaclaraagro.com.br\/es\/wp-json\/wp\/v2\/media?parent=1959"}],"wp:term":[{"taxonomy":"product_cat","embeddable":true,"href":"https:\/\/santaclaraagro.com.br\/es\/wp-json\/wp\/v2\/product_cat?post=1959"},{"taxonomy":"product_tag","embeddable":true,"href":"https:\/\/santaclaraagro.com.br\/es\/wp-json\/wp\/v2\/product_tag?post=1959"}],"curies":[{"name":"wp","href":"https:\/\/api.w.org\/{rel}","templated":true}]}}