{"id":1961,"date":"2023-03-01T16:05:47","date_gmt":"2023-03-01T19:05:47","guid":{"rendered":"https:\/\/santaclaraagro.com.br\/?post_type=product&#038;p=1961"},"modified":"2024-06-24T16:42:04","modified_gmt":"2024-06-24T19:42:04","slug":"terram-f","status":"publish","type":"product","link":"https:\/\/santaclaraagro.com.br\/es\/produto\/terram-f\/","title":{"rendered":"Terram F"},"content":{"rendered":"<ul>\n<li class=\"p1\">Formula\u00e7\u00e3o \u00e0 base de extratos vegetais com 80% de \u00e1cidos f\u00falvicos;<\/li>\n<li class=\"p1\">Fuente natural de materia org\u00e1nica estabilizada;<\/li>\n<li class=\"p1\">Mejora las propiedades f\u00edsico-qu\u00edmicas y biol\u00f3gicas del suelo y\/o sustrato, aumentando su humedad, retenci\u00f3n de agua y aireaci\u00f3n;<\/li>\n<li class=\"p1\">Aumenta la Capacidad de Intercambio Cati\u00f3nico (CIC) y la disponibilidad de nutrientes en el suelo, activando el desarrollo radicular y vegetativo de las plantas;<\/li>\n<li class=\"p1\">Producto soluble en todo el rango de pH \u00fatil (2 a 12);<\/li>\n<li class=\"p1\">Tiene compuestos que act\u00faan sobre el metabolismo y la divisi\u00f3n celular;<\/li>\n<li class=\"p1\">Melhora a emerg\u00eancia das plantas;<\/li>\n<li class=\"p1\">Favorece el desarrollo del sistema radicular y de las raicillas absorbentes.<\/li>\n<\/ul>","protected":false},"excerpt":{"rendered":"<p class=\"p1\"><strong>Sustancias h\u00famicas de absorci\u00f3n eficiente<\/strong><\/p>","protected":false},"featured_media":1937,"template":"","meta":[],"product_cat":[39],"product_tag":[],"class_list":{"0":"post-1961","1":"product","2":"type-product","3":"status-publish","4":"has-post-thumbnail","6":"product_cat-produtos","8":"first","9":"instock","10":"shipping-taxable","11":"product-type-simple"},"_links":{"self":[{"href":"https:\/\/santaclaraagro.com.br\/es\/wp-json\/wp\/v2\/product\/1961"}],"collection":[{"href":"https:\/\/santaclaraagro.com.br\/es\/wp-json\/wp\/v2\/product"}],"about":[{"href":"https:\/\/santaclaraagro.com.br\/es\/wp-json\/wp\/v2\/types\/product"}],"wp:featuredmedia":[{"embeddable":true,"href":"https:\/\/santaclaraagro.com.br\/es\/wp-json\/wp\/v2\/media\/1937"}],"wp:attachment":[{"href":"https:\/\/santaclaraagro.com.br\/es\/wp-json\/wp\/v2\/media?parent=1961"}],"wp:term":[{"taxonomy":"product_cat","embeddable":true,"href":"https:\/\/santaclaraagro.com.br\/es\/wp-json\/wp\/v2\/product_cat?post=1961"},{"taxonomy":"product_tag","embeddable":true,"href":"https:\/\/santaclaraagro.com.br\/es\/wp-json\/wp\/v2\/product_tag?post=1961"}],"curies":[{"name":"wp","href":"https:\/\/api.w.org\/{rel}","templated":true}]}}