{"id":2770,"date":"2024-06-24T17:03:33","date_gmt":"2024-06-24T20:03:33","guid":{"rendered":"https:\/\/santaclaraagro.com.br\/?post_type=product&#038;p=2770"},"modified":"2024-06-24T17:29:35","modified_gmt":"2024-06-24T20:29:35","slug":"perfil","status":"publish","type":"product","link":"https:\/\/santaclaraagro.com.br\/es\/produto\/perfil\/","title":{"rendered":"Perfil"},"content":{"rendered":"<ul>\n<li>Disponibiliza nitrog\u00eanio (N) e f\u00f3sforo (P) para as plantas;<\/li>\n<li>Promove o crescimento das plantas;<\/li>\n<li>Compat\u00edvel com outros microrganismos;<\/li>\n<li>Aumenta a rentabilidade do sistema produtivo;<\/li>\n<li>Aumenta a produtividade das culturas.<\/li>\n<\/ul>","protected":false},"excerpt":{"rendered":"<p class=\"p1\"><strong>Tecnologia em solubiliza\u00e7\u00e3o de f\u00f3sforo (P) e nitrog\u00eanio (N) para maior biodisponibilidade na lavoura<\/strong><\/p>","protected":false},"featured_media":2772,"template":"","meta":[],"product_cat":[39],"product_tag":[],"class_list":{"0":"post-2770","1":"product","2":"type-product","3":"status-publish","4":"has-post-thumbnail","6":"product_cat-produtos","8":"first","9":"instock","10":"shipping-taxable","11":"product-type-simple"},"_links":{"self":[{"href":"https:\/\/santaclaraagro.com.br\/es\/wp-json\/wp\/v2\/product\/2770"}],"collection":[{"href":"https:\/\/santaclaraagro.com.br\/es\/wp-json\/wp\/v2\/product"}],"about":[{"href":"https:\/\/santaclaraagro.com.br\/es\/wp-json\/wp\/v2\/types\/product"}],"wp:featuredmedia":[{"embeddable":true,"href":"https:\/\/santaclaraagro.com.br\/es\/wp-json\/wp\/v2\/media\/2772"}],"wp:attachment":[{"href":"https:\/\/santaclaraagro.com.br\/es\/wp-json\/wp\/v2\/media?parent=2770"}],"wp:term":[{"taxonomy":"product_cat","embeddable":true,"href":"https:\/\/santaclaraagro.com.br\/es\/wp-json\/wp\/v2\/product_cat?post=2770"},{"taxonomy":"product_tag","embeddable":true,"href":"https:\/\/santaclaraagro.com.br\/es\/wp-json\/wp\/v2\/product_tag?post=2770"}],"curies":[{"name":"wp","href":"https:\/\/api.w.org\/{rel}","templated":true}]}}