{"id":3152,"date":"2025-04-30T16:13:22","date_gmt":"2025-04-30T19:13:22","guid":{"rendered":"https:\/\/santaclaraagro.com.br\/?post_type=product&#038;p=3152"},"modified":"2025-06-12T15:05:09","modified_gmt":"2025-06-12T18:05:09","slug":"sk30","status":"publish","type":"product","link":"https:\/\/santaclaraagro.com.br\/es\/produto\/sk30\/","title":{"rendered":"SK30"},"content":{"rendered":"<ul>\n<li class=\"p1\">Debido a su bajo \u00edndice de salinidad, y que no contiene carbonatos, cloruros, nitratos, \u00f3xidos y sulfatos en su formulaci\u00f3n, es un fertilizante ideal para el sistema agr\u00edcola intensivo, as\u00ed como cultivos sensibles a la salinidad.<\/li>\n<li class=\"p1\">Tiene alta solubilidad.<\/li>\n<li class=\"p1\">Presenta excelente compatibilidad de mezcla de tanque.<\/li>\n<li class=\"p1\">F\u00e1cil manejo y bajos costos de operaci\u00f3n.<\/li>\n<li class=\"p1\">Azufre (S) fuente f\u00e1cilmente asimilable por las plantas act\u00faa en el aumento de formaci\u00f3n de amino\u00e1cidos y prote\u00ednas.<\/li>\n<li class=\"p1\">Aumenta el peso espec\u00edfico, la concentraci\u00f3n de s\u00f3lidos solubles, grados Brix, ATR y contenido de carbohidratos en los granos y\/o frutas.<\/li>\n<li class=\"p1\">Mejora la calidad y sanidad de los productos cosechados, aumentando su tiempo de conservaci\u00f3n.<\/li>\n<\/ul>","protected":false},"excerpt":{"rendered":"<p class=\"p1\"><strong>Fertilizante l\u00edquido concentrado. Alto en Azufre (S) y Potasio (k).<\/strong><\/p>","protected":false},"featured_media":3235,"template":"","meta":[],"product_cat":[39],"product_tag":[43],"class_list":{"0":"post-3152","1":"product","2":"type-product","3":"status-publish","4":"has-post-thumbnail","6":"product_cat-produtos","7":"product_tag-comex","9":"first","10":"instock","11":"shipping-taxable","12":"product-type-simple"},"_links":{"self":[{"href":"https:\/\/santaclaraagro.com.br\/es\/wp-json\/wp\/v2\/product\/3152"}],"collection":[{"href":"https:\/\/santaclaraagro.com.br\/es\/wp-json\/wp\/v2\/product"}],"about":[{"href":"https:\/\/santaclaraagro.com.br\/es\/wp-json\/wp\/v2\/types\/product"}],"wp:featuredmedia":[{"embeddable":true,"href":"https:\/\/santaclaraagro.com.br\/es\/wp-json\/wp\/v2\/media\/3235"}],"wp:attachment":[{"href":"https:\/\/santaclaraagro.com.br\/es\/wp-json\/wp\/v2\/media?parent=3152"}],"wp:term":[{"taxonomy":"product_cat","embeddable":true,"href":"https:\/\/santaclaraagro.com.br\/es\/wp-json\/wp\/v2\/product_cat?post=3152"},{"taxonomy":"product_tag","embeddable":true,"href":"https:\/\/santaclaraagro.com.br\/es\/wp-json\/wp\/v2\/product_tag?post=3152"}],"curies":[{"name":"wp","href":"https:\/\/api.w.org\/{rel}","templated":true}]}}