{"id":3159,"date":"2025-04-30T16:37:29","date_gmt":"2025-04-30T19:37:29","guid":{"rendered":"https:\/\/santaclaraagro.com.br\/?post_type=product&#038;p=3159"},"modified":"2025-06-12T15:06:55","modified_gmt":"2025-06-12T18:06:55","slug":"salud","status":"publish","type":"product","link":"https:\/\/santaclaraagro.com.br\/es\/produto\/salud\/","title":{"rendered":"Salud"},"content":{"rendered":"<ul>\n<li class=\"p1\">Promueve la cobertura completa de las part\u00edculas de Cobre (Cu), Azufre (S) y F\u00f3sforo (P) en el \u00e1rea de la hoja de la planta.<\/li>\n<li class=\"p1\">Acci\u00f3n sin\u00e9rgica entre los tres elementos (Cobre, Azufre y F\u00f3sforo).<\/li>\n<li class=\"p1\">Producto con alto nivel tecnol\u00f3gico y eficacia en el campo.<\/li>\n<li class=\"p1\">Contiene nutrientes fundamentales que favorecen mecanismos vitales de las plantas.<\/li>\n<li class=\"p1\">Fortalece las paredes celulares, aumentando la protecci\u00f3n a los factores del ambiente.<\/li>\n<li class=\"p1\">Garantiza plantas m\u00e1s fuertes durante los per\u00edodos de crecimiento y reproducci\u00f3n.<\/li>\n<li class=\"p1\">Mantiene la planta m\u00e1s saludable y resistente, aumento de la salud y la calidad de los frutos y flores despu\u00e9s de la cosecha.<\/li>\n<\/ul>","protected":false},"excerpt":{"rendered":"<p class=\"p1\"><strong>Tecnolog\u00eda y eficiencia en el campo<\/strong><\/p>","protected":false},"featured_media":3236,"template":"","meta":[],"product_cat":[39],"product_tag":[43],"class_list":{"0":"post-3159","1":"product","2":"type-product","3":"status-publish","4":"has-post-thumbnail","6":"product_cat-produtos","7":"product_tag-comex","9":"first","10":"instock","11":"shipping-taxable","12":"product-type-simple"},"_links":{"self":[{"href":"https:\/\/santaclaraagro.com.br\/es\/wp-json\/wp\/v2\/product\/3159"}],"collection":[{"href":"https:\/\/santaclaraagro.com.br\/es\/wp-json\/wp\/v2\/product"}],"about":[{"href":"https:\/\/santaclaraagro.com.br\/es\/wp-json\/wp\/v2\/types\/product"}],"wp:featuredmedia":[{"embeddable":true,"href":"https:\/\/santaclaraagro.com.br\/es\/wp-json\/wp\/v2\/media\/3236"}],"wp:attachment":[{"href":"https:\/\/santaclaraagro.com.br\/es\/wp-json\/wp\/v2\/media?parent=3159"}],"wp:term":[{"taxonomy":"product_cat","embeddable":true,"href":"https:\/\/santaclaraagro.com.br\/es\/wp-json\/wp\/v2\/product_cat?post=3159"},{"taxonomy":"product_tag","embeddable":true,"href":"https:\/\/santaclaraagro.com.br\/es\/wp-json\/wp\/v2\/product_tag?post=3159"}],"curies":[{"name":"wp","href":"https:\/\/api.w.org\/{rel}","templated":true}]}}