{"id":3161,"date":"2025-05-05T09:09:03","date_gmt":"2025-05-05T12:09:03","guid":{"rendered":"https:\/\/santaclaraagro.com.br\/?post_type=product&#038;p=3161"},"modified":"2025-06-12T15:08:40","modified_gmt":"2025-06-12T18:08:40","slug":"pacificus","status":"publish","type":"product","link":"https:\/\/santaclaraagro.com.br\/es\/produto\/pacificus\/","title":{"rendered":"Pacificus"},"content":{"rendered":"<ul>\n<li class=\"p1\">Fortalece y vigoriza las plantas, previniendo el estr\u00e9s causado por condiciones adversas;<\/li>\n<li class=\"p1\">Aumenta a resistencia das plantas, fortalece el sistema de ra\u00edces y promueve el crecimiento, aumentando los rendimientos de los cultivos.<\/li>\n<\/ul>","protected":false},"excerpt":{"rendered":"<p class=\"p1\"><strong>Ra\u00edces m\u00e1s fuertes con menos estr\u00e9s<\/strong><\/p>","protected":false},"featured_media":3237,"template":"","meta":[],"product_cat":[39],"product_tag":[43],"class_list":{"0":"post-3161","1":"product","2":"type-product","3":"status-publish","4":"has-post-thumbnail","6":"product_cat-produtos","7":"product_tag-comex","9":"first","10":"instock","11":"shipping-taxable","12":"product-type-simple"},"_links":{"self":[{"href":"https:\/\/santaclaraagro.com.br\/es\/wp-json\/wp\/v2\/product\/3161"}],"collection":[{"href":"https:\/\/santaclaraagro.com.br\/es\/wp-json\/wp\/v2\/product"}],"about":[{"href":"https:\/\/santaclaraagro.com.br\/es\/wp-json\/wp\/v2\/types\/product"}],"wp:featuredmedia":[{"embeddable":true,"href":"https:\/\/santaclaraagro.com.br\/es\/wp-json\/wp\/v2\/media\/3237"}],"wp:attachment":[{"href":"https:\/\/santaclaraagro.com.br\/es\/wp-json\/wp\/v2\/media?parent=3161"}],"wp:term":[{"taxonomy":"product_cat","embeddable":true,"href":"https:\/\/santaclaraagro.com.br\/es\/wp-json\/wp\/v2\/product_cat?post=3161"},{"taxonomy":"product_tag","embeddable":true,"href":"https:\/\/santaclaraagro.com.br\/es\/wp-json\/wp\/v2\/product_tag?post=3161"}],"curies":[{"name":"wp","href":"https:\/\/api.w.org\/{rel}","templated":true}]}}