{"id":3164,"date":"2025-05-05T10:21:10","date_gmt":"2025-05-05T13:21:10","guid":{"rendered":"https:\/\/santaclaraagro.com.br\/?post_type=product&#038;p=3164"},"modified":"2025-06-12T15:09:40","modified_gmt":"2025-06-12T18:09:40","slug":"calage","status":"publish","type":"product","link":"https:\/\/santaclaraagro.com.br\/es\/produto\/calage\/","title":{"rendered":"Calage"},"content":{"rendered":"<ul>\n<li class=\"p1\">Fertilizante l\u00edquido con alta concentraci\u00f3n de Calcio (Ca), en forma de Carbonato de Ca, que libera gradualmente el nutriente para los tejidos vegetales, sin causar s\u00edntomas de fitotoxicidad;<\/li>\n<li class=\"p1\">Aplicaci\u00f3n flexible: uso en el suelo (drench, aspersi\u00f3n, fertirriego), foliar y tanques de pescado;<\/li>\n<li class=\"p1\"><span class=\"s1\">Formulaci\u00f3n l\u00edquida en tecnolog\u00eda flowable de micro y nanopart\u00edculas, generando alta superficie de contacto y distribuci\u00f3n el suelo y al sistema radicular, aumentando la solubilizaci\u00f3n y absorci\u00f3n de nutrientes por las plantas;<\/span><\/li>\n<li class=\"p1\">Producto l\u00edquido que no es necesario incorporar al suelo. Su percolaci\u00f3n es de aproximadamente 25 cm (baja en perfil de suelo), que cambia seg\u00fan el clima y las condiciones del suelo, con alta y r\u00e1pida reactividad en suelo (materia prima de alta pureza, libre de metales pesados);<\/li>\n<li class=\"p1\">Producto l\u00edquido que aumenta el desarrollo del sistema radicular y las ra\u00edces absorbentes; la planta absorbe m\u00e1s agua y nutrientes del suelo, resistiendo per\u00edodos de sequ\u00eda;<\/li>\n<li class=\"p1\">Alta provisi\u00f3n de Ca y N en las aplicaciones al suelo y foliar, seg\u00fan la necesidad de los cultivos;<\/li>\n<li class=\"p1\">Producto l\u00edquido soluble, de f\u00e1cil manejo y disoluci\u00f3n en tanques de pulverizaci\u00f3n (no hay obstrucci\u00f3n de filtros y boquillas de aspersi\u00f3n).<\/li>\n<\/ul>","protected":false},"excerpt":{"rendered":"<p class=\"p1\"><strong>Formulaci\u00f3n con alta concentraci\u00f3n de Calcio<\/strong><\/p>","protected":false},"featured_media":3234,"template":"","meta":[],"product_cat":[39],"product_tag":[43],"class_list":{"0":"post-3164","1":"product","2":"type-product","3":"status-publish","4":"has-post-thumbnail","6":"product_cat-produtos","7":"product_tag-comex","9":"first","10":"instock","11":"shipping-taxable","12":"product-type-simple"},"_links":{"self":[{"href":"https:\/\/santaclaraagro.com.br\/es\/wp-json\/wp\/v2\/product\/3164"}],"collection":[{"href":"https:\/\/santaclaraagro.com.br\/es\/wp-json\/wp\/v2\/product"}],"about":[{"href":"https:\/\/santaclaraagro.com.br\/es\/wp-json\/wp\/v2\/types\/product"}],"wp:featuredmedia":[{"embeddable":true,"href":"https:\/\/santaclaraagro.com.br\/es\/wp-json\/wp\/v2\/media\/3234"}],"wp:attachment":[{"href":"https:\/\/santaclaraagro.com.br\/es\/wp-json\/wp\/v2\/media?parent=3164"}],"wp:term":[{"taxonomy":"product_cat","embeddable":true,"href":"https:\/\/santaclaraagro.com.br\/es\/wp-json\/wp\/v2\/product_cat?post=3164"},{"taxonomy":"product_tag","embeddable":true,"href":"https:\/\/santaclaraagro.com.br\/es\/wp-json\/wp\/v2\/product_tag?post=3164"}],"curies":[{"name":"wp","href":"https:\/\/api.w.org\/{rel}","templated":true}]}}