{"id":3166,"date":"2025-05-05T10:28:28","date_gmt":"2025-05-05T13:28:28","guid":{"rendered":"https:\/\/santaclaraagro.com.br\/?post_type=product&#038;p=3166"},"modified":"2025-06-12T15:18:45","modified_gmt":"2025-06-12T18:18:45","slug":"pro-uv","status":"publish","type":"product","link":"https:\/\/santaclaraagro.com.br\/es\/produto\/pro-uv\/","title":{"rendered":"Pro-UV"},"content":{"rendered":"<ul>\n<li class=\"p1\"><span class=\"s1\">Fertilizante de alta concentraci\u00f3n de Calcio para aplicaci\u00f3n foliar, con tecnolog\u00eda flowable de micro y nanopart\u00edculas, para nutrici\u00f3n y protecci\u00f3n solar;<\/span><\/li>\n<li class=\"p1\"><span class=\"s1\">Producto l\u00edquido soluble, de f\u00e1cil manejo y disoluci\u00f3n en tanques de pulverizaci\u00f3n;<\/span><\/li>\n<li class=\"p1\"><span class=\"s2\">La tecnolog\u00eda en micro y nanopart\u00edculas permite un excelente cobertura por todo los tejidos vegetales (frutos, flores, hojas, etc.), disminuyendo la p\u00e9rdida de agua y el estr\u00e9s generado por el exceso de temperatura y radiaci\u00f3n solar, que terminan quemando las partes vegetales;<\/span><\/li>\n<li class=\"p1\"><span class=\"s1\">La tecnolog\u00eda tambi\u00e9n provee buena adherencia y persistencia, manteniendo la protecci\u00f3n contra el exceso de radiaci\u00f3n solar y alta temperatura;<\/span><\/li>\n<li class=\"p1\"><span class=\"s1\">No interfiere negativamente en el proceso de fotos\u00edntesis;<\/span><\/li>\n<li class=\"p1\"><span class=\"s1\">La alta nutrici\u00f3n con Ca, nutriente esencial a los cultivos, en aplicaci\u00f3n act\u00faa especialmente en una buena etapa de floraci\u00f3n y cuaje, as\u00ed como formaci\u00f3n de los tejidos vegetales, calidad y firmeza de pulpa y luego un mejor pos cosecha (shelf life) de frutos y hojas;<\/span><\/li>\n<li class=\"p1\"><span class=\"s1\">Producto sin residuos peligrosos y que se limpia f\u00e1cilmente.<\/span><\/li>\n<\/ul>","protected":false},"excerpt":{"rendered":"<p class=\"p1\"><strong>Protector solar y tolerancia de las plantas al estr\u00e9s clim\u00e1tico<\/strong><\/p>","protected":false},"featured_media":3232,"template":"","meta":[],"product_cat":[39],"product_tag":[43],"class_list":{"0":"post-3166","1":"product","2":"type-product","3":"status-publish","4":"has-post-thumbnail","6":"product_cat-produtos","7":"product_tag-comex","9":"first","10":"instock","11":"shipping-taxable","12":"product-type-simple"},"_links":{"self":[{"href":"https:\/\/santaclaraagro.com.br\/es\/wp-json\/wp\/v2\/product\/3166"}],"collection":[{"href":"https:\/\/santaclaraagro.com.br\/es\/wp-json\/wp\/v2\/product"}],"about":[{"href":"https:\/\/santaclaraagro.com.br\/es\/wp-json\/wp\/v2\/types\/product"}],"wp:featuredmedia":[{"embeddable":true,"href":"https:\/\/santaclaraagro.com.br\/es\/wp-json\/wp\/v2\/media\/3232"}],"wp:attachment":[{"href":"https:\/\/santaclaraagro.com.br\/es\/wp-json\/wp\/v2\/media?parent=3166"}],"wp:term":[{"taxonomy":"product_cat","embeddable":true,"href":"https:\/\/santaclaraagro.com.br\/es\/wp-json\/wp\/v2\/product_cat?post=3166"},{"taxonomy":"product_tag","embeddable":true,"href":"https:\/\/santaclaraagro.com.br\/es\/wp-json\/wp\/v2\/product_tag?post=3166"}],"curies":[{"name":"wp","href":"https:\/\/api.w.org\/{rel}","templated":true}]}}