{"id":3211,"date":"2025-05-07T10:42:04","date_gmt":"2025-05-07T13:42:04","guid":{"rendered":"https:\/\/santaclaraagro.com.br\/?post_type=product&#038;p=3211"},"modified":"2025-06-12T15:19:28","modified_gmt":"2025-06-12T18:19:28","slug":"ativo","status":"publish","type":"product","link":"https:\/\/santaclaraagro.com.br\/es\/produto\/ativo\/","title":{"rendered":"Ativo"},"content":{"rendered":"<ul>\n<li class=\"p1\"><span class=\"s1\">Formulaci\u00f3n tecnol\u00f3gica con nitronenio (N) y boro (B) que ayuda a romper la cerosidad de las hojas de las plantas y mejora la absorci\u00f3n de nutrientes.<\/span><\/li>\n<li class=\"p1\"><span class=\"s1\">Tiene alta solubilidad y compatibilidad.<\/span><\/li>\n<li class=\"p1\"><span class=\"s1\">Mejora la salud y calidad de las plantas.<\/span><\/li>\n<\/ul>","protected":false},"excerpt":{"rendered":"<p class=\"p1\"><strong>Formulaci\u00f3n de alta tecnolog\u00eda<\/strong><\/p>","protected":false},"featured_media":3230,"template":"","meta":[],"product_cat":[39],"product_tag":[43],"class_list":{"0":"post-3211","1":"product","2":"type-product","3":"status-publish","4":"has-post-thumbnail","6":"product_cat-produtos","7":"product_tag-comex","9":"first","10":"instock","11":"shipping-taxable","12":"product-type-simple"},"_links":{"self":[{"href":"https:\/\/santaclaraagro.com.br\/es\/wp-json\/wp\/v2\/product\/3211"}],"collection":[{"href":"https:\/\/santaclaraagro.com.br\/es\/wp-json\/wp\/v2\/product"}],"about":[{"href":"https:\/\/santaclaraagro.com.br\/es\/wp-json\/wp\/v2\/types\/product"}],"wp:featuredmedia":[{"embeddable":true,"href":"https:\/\/santaclaraagro.com.br\/es\/wp-json\/wp\/v2\/media\/3230"}],"wp:attachment":[{"href":"https:\/\/santaclaraagro.com.br\/es\/wp-json\/wp\/v2\/media?parent=3211"}],"wp:term":[{"taxonomy":"product_cat","embeddable":true,"href":"https:\/\/santaclaraagro.com.br\/es\/wp-json\/wp\/v2\/product_cat?post=3211"},{"taxonomy":"product_tag","embeddable":true,"href":"https:\/\/santaclaraagro.com.br\/es\/wp-json\/wp\/v2\/product_tag?post=3211"}],"curies":[{"name":"wp","href":"https:\/\/api.w.org\/{rel}","templated":true}]}}