{"id":3212,"date":"2025-05-07T10:46:31","date_gmt":"2025-05-07T13:46:31","guid":{"rendered":"https:\/\/santaclaraagro.com.br\/?post_type=product&#038;p=3212"},"modified":"2025-06-12T15:20:58","modified_gmt":"2025-06-12T18:20:58","slug":"matriz-d-es","status":"publish","type":"product","link":"https:\/\/santaclaraagro.com.br\/es\/produto\/matriz-d-es\/","title":{"rendered":"Matriz D"},"content":{"rendered":"<ul>\n<li class=\"p1\">Fertilizante l\u00edquido a base de F\u00f3sforo (P) y Nitr\u00f3geno (N), adicionado de compuestos org\u00e1nicos bioestimulantes (amino\u00e1cidos);<\/li>\n<li class=\"p1\"><span class=\"s1\">Reduce el pH de los caldos de pulverizaci\u00f3n, mejorando las condiciones para el mejor efecto de los agroqu\u00edmicos, especialmente los herbicidas;<\/span><\/li>\n<li class=\"p1\">El Nitr\u00f3geno apoya la absorci\u00f3n de los qu\u00edmicos, rompiendo la serosidad de las hojas;<\/li>\n<li class=\"p1\"><span class=\"s1\">El F\u00f3sforo en aplicaci\u00f3n foliar provee r\u00e1pidamente energ\u00eda a las plantas, soportando el desarrollo;<\/span><\/li>\n<li class=\"p1\">Potencializa la absorci\u00f3n de los productos en el caldo, potencializando el efecto de los herbicidas en las malezas;<\/li>\n<li class=\"p1\">En los cultivos, por el efecto bioestimulante, reduce los posibles efectos de paralizaci\u00f3n del crecimiento causados por la aplicaci\u00f3n de los herbicidas;<\/li>\n<li class=\"p1\">Altamente compatible en las mezclas de pulverizaci\u00f3n, apoya la reducci\u00f3n de deriva y p\u00e9rdida por evaporaci\u00f3n (no mesclar con herbicidas y otros productos que solicitan pH alcalino o no soportan presencia de materiales org\u00e1nicos).<\/li>\n<\/ul>","protected":false},"excerpt":{"rendered":"<p class=\"p1\"><strong>Mais eficiencia en pre y pos-siembra<\/strong><\/p>","protected":false},"featured_media":1928,"template":"","meta":[],"product_cat":[39],"product_tag":[43],"class_list":{"0":"post-3212","1":"product","2":"type-product","3":"status-publish","4":"has-post-thumbnail","6":"product_cat-produtos","7":"product_tag-comex","9":"first","10":"instock","11":"shipping-taxable","12":"product-type-simple"},"_links":{"self":[{"href":"https:\/\/santaclaraagro.com.br\/es\/wp-json\/wp\/v2\/product\/3212"}],"collection":[{"href":"https:\/\/santaclaraagro.com.br\/es\/wp-json\/wp\/v2\/product"}],"about":[{"href":"https:\/\/santaclaraagro.com.br\/es\/wp-json\/wp\/v2\/types\/product"}],"wp:featuredmedia":[{"embeddable":true,"href":"https:\/\/santaclaraagro.com.br\/es\/wp-json\/wp\/v2\/media\/1928"}],"wp:attachment":[{"href":"https:\/\/santaclaraagro.com.br\/es\/wp-json\/wp\/v2\/media?parent=3212"}],"wp:term":[{"taxonomy":"product_cat","embeddable":true,"href":"https:\/\/santaclaraagro.com.br\/es\/wp-json\/wp\/v2\/product_cat?post=3212"},{"taxonomy":"product_tag","embeddable":true,"href":"https:\/\/santaclaraagro.com.br\/es\/wp-json\/wp\/v2\/product_tag?post=3212"}],"curies":[{"name":"wp","href":"https:\/\/api.w.org\/{rel}","templated":true}]}}