{"id":3213,"date":"2025-05-07T11:13:52","date_gmt":"2025-05-07T14:13:52","guid":{"rendered":"https:\/\/santaclaraagro.com.br\/?post_type=product&#038;p=3213"},"modified":"2025-05-07T11:15:22","modified_gmt":"2025-05-07T14:15:22","slug":"intacto-es","status":"publish","type":"product","link":"https:\/\/santaclaraagro.com.br\/es\/produto\/intacto-es\/","title":{"rendered":"Intacto"},"content":{"rendered":"<ul>\n<li class=\"p1\"><span class=\"s1\">Aporta f\u00f3sforo (P) y nitr\u00f3geno (N); elementos clave para los cultivos agr\u00edcolas;<\/span><\/li>\n<li class=\"p1\"><span class=\"s1\">Tiene una fuente de f\u00f3sforo (P) con baja fijaci\u00f3n del suelo y nitr\u00f3geno (N) con lixiviaci\u00f3n reducida en comparaci\u00f3n con los fertilizantes tradicionales;<\/span><\/li>\n<li class=\"p1\"><span class=\"s1\">Mejora la nutrici\u00f3n del f\u00f3sforo (P) por parte de las plantas;<\/span><\/li>\n<li class=\"p1\"><span class=\"s1\">Ayuda al desarrollo de las ra\u00edces y al uso de agua y nutrientes disponible en el suelo (efecto sin\u00e9rgico del P y el N con sustancias h\u00famicas y f\u00falvicas);<\/span><\/li>\n<li class=\"p1\"><span class=\"s1\">Aumento de la penetraci\u00f3n y movilidad del suelo, especialmente en condiciones de baja humedad o altos niveles de arcilla y\/o compactaci\u00f3n;<\/span><\/li>\n<li class=\"p1\"><span class=\"s1\">Tiene un pH neutro, y se puede aplicar en altas concentraciones en el suelo o en pulverizaciones foliares (bajo riesgo de fitotoxicidad);<\/span><\/li>\n<li class=\"p1\"><span class=\"s1\">Producto l\u00edquido y de liberaci\u00f3n r\u00e1pida, que se puede aplicar en cualquier \u00e9poca del a\u00f1o, sin<br \/>\nrequerimiento de humedad del suelo para la solubilizaci\u00f3n de f\u00f3sforo (P);<\/span><\/li>\n<li class=\"p1\"><span class=\"s1\">F\u00e1cil aplicaci\u00f3n (a trav\u00e9s de barra, pivote, aspersor, goteo, empapado, etc.), manipulaci\u00f3n y almacenamiento del producto.<\/span><\/li>\n<\/ul>","protected":false},"excerpt":{"rendered":"<p class=\"p1\"><strong>Suministro eficiente de f\u00f3sforo (P) y menor fijaci\u00f3n al suelo<\/strong><\/p>","protected":false},"featured_media":1927,"template":"","meta":[],"product_cat":[39],"product_tag":[43],"class_list":{"0":"post-3213","1":"product","2":"type-product","3":"status-publish","4":"has-post-thumbnail","6":"product_cat-produtos","7":"product_tag-comex","9":"first","10":"instock","11":"shipping-taxable","12":"product-type-simple"},"_links":{"self":[{"href":"https:\/\/santaclaraagro.com.br\/es\/wp-json\/wp\/v2\/product\/3213"}],"collection":[{"href":"https:\/\/santaclaraagro.com.br\/es\/wp-json\/wp\/v2\/product"}],"about":[{"href":"https:\/\/santaclaraagro.com.br\/es\/wp-json\/wp\/v2\/types\/product"}],"wp:featuredmedia":[{"embeddable":true,"href":"https:\/\/santaclaraagro.com.br\/es\/wp-json\/wp\/v2\/media\/1927"}],"wp:attachment":[{"href":"https:\/\/santaclaraagro.com.br\/es\/wp-json\/wp\/v2\/media?parent=3213"}],"wp:term":[{"taxonomy":"product_cat","embeddable":true,"href":"https:\/\/santaclaraagro.com.br\/es\/wp-json\/wp\/v2\/product_cat?post=3213"},{"taxonomy":"product_tag","embeddable":true,"href":"https:\/\/santaclaraagro.com.br\/es\/wp-json\/wp\/v2\/product_tag?post=3213"}],"curies":[{"name":"wp","href":"https:\/\/api.w.org\/{rel}","templated":true}]}}