{"id":3214,"date":"2025-05-07T11:16:28","date_gmt":"2025-05-07T14:16:28","guid":{"rendered":"https:\/\/santaclaraagro.com.br\/?post_type=product&#038;p=3214"},"modified":"2025-05-07T11:17:46","modified_gmt":"2025-05-07T14:17:46","slug":"n-top-es","status":"publish","type":"product","link":"https:\/\/santaclaraagro.com.br\/es\/produto\/n-top-es\/","title":{"rendered":"N Top"},"content":{"rendered":"<ul>\n<li class=\"p1\"><span class=\"s1\">Proporciona Nitr\u00f3geno (N); elemento fundamental para los cultivos agr\u00edcolas.<\/span><\/li>\n<li class=\"p1\"><span class=\"s1\">Tiene diferentes fuentes de N y estabilizadores qu\u00edmicos que retardan la liberaci\u00f3n de este nutriente, lo que permite el uso de altas dosis del producto con bajo riesgo de fitotoxicidad sobre las hojas del cultivo.<\/span><\/li>\n<li class=\"p1\">Formulaci\u00f3n a base de extracto leonardita con una alta concentraci\u00f3n de sustancias h\u00famicas y f\u00falvicas.<\/li>\n<li class=\"p1\"><span class=\"s2\">En comparaci\u00f3n con los fertilizantes s\u00f3lidos tradicionales, tiene menores p\u00e9rdidas por volatilizaci\u00f3n y lixiviaci\u00f3n, proporcionando una mayor absorci\u00f3n y eficiencia de uso por las plantas.<\/span><\/li>\n<li class=\"p1\"><span class=\"s1\">Permite una aplicaci\u00f3n y distribuci\u00f3n uniforme (spray o pulverizaci\u00f3n dirigida).<\/span><\/li>\n<li class=\"p1\">Presenta excelente compatibilidad de mezcla de tanque.<\/li>\n<li class=\"p1\"><span class=\"s1\">Aplicaci\u00f3n independiente de las condiciones clim\u00e1ticas y humedad del suelo, menor volumen de transporte y almacenamiento de productos.<\/span><\/li>\n<li class=\"p1\"><span class=\"s1\">Bajo riesgo de corrosi\u00f3n de los equipos en relaci\u00f3n con las principales fuentes nitrogenadas.<\/span><\/li>\n<\/ul>","protected":false},"excerpt":{"rendered":"<p class=\"p1\"><strong>Nitr\u00f3geno (N) l\u00edquido de liberaci\u00f3n gradual<\/strong><\/p>","protected":false},"featured_media":1931,"template":"","meta":[],"product_cat":[39],"product_tag":[43],"class_list":{"0":"post-3214","1":"product","2":"type-product","3":"status-publish","4":"has-post-thumbnail","6":"product_cat-produtos","7":"product_tag-comex","9":"first","10":"instock","11":"shipping-taxable","12":"product-type-simple"},"_links":{"self":[{"href":"https:\/\/santaclaraagro.com.br\/es\/wp-json\/wp\/v2\/product\/3214"}],"collection":[{"href":"https:\/\/santaclaraagro.com.br\/es\/wp-json\/wp\/v2\/product"}],"about":[{"href":"https:\/\/santaclaraagro.com.br\/es\/wp-json\/wp\/v2\/types\/product"}],"wp:featuredmedia":[{"embeddable":true,"href":"https:\/\/santaclaraagro.com.br\/es\/wp-json\/wp\/v2\/media\/1931"}],"wp:attachment":[{"href":"https:\/\/santaclaraagro.com.br\/es\/wp-json\/wp\/v2\/media?parent=3214"}],"wp:term":[{"taxonomy":"product_cat","embeddable":true,"href":"https:\/\/santaclaraagro.com.br\/es\/wp-json\/wp\/v2\/product_cat?post=3214"},{"taxonomy":"product_tag","embeddable":true,"href":"https:\/\/santaclaraagro.com.br\/es\/wp-json\/wp\/v2\/product_tag?post=3214"}],"curies":[{"name":"wp","href":"https:\/\/api.w.org\/{rel}","templated":true}]}}