{"id":3216,"date":"2025-05-07T13:46:29","date_gmt":"2025-05-07T16:46:29","guid":{"rendered":"https:\/\/santaclaraagro.com.br\/?post_type=product&#038;p=3216"},"modified":"2025-05-07T13:48:17","modified_gmt":"2025-05-07T16:48:17","slug":"matriz-g-plus-es","status":"publish","type":"product","link":"https:\/\/santaclaraagro.com.br\/es\/produto\/matriz-g-plus-es\/","title":{"rendered":"Matriz G Plus"},"content":{"rendered":"<ul>\n<li class=\"p1\">Producto concentrado de nutrientes y compuestos org\u00e1nicos;<\/li>\n<li class=\"p1\">Equilibrio nutricional espec\u00edfico para las necesidades de leguminosas;<\/li>\n<li class=\"p1\">Ayuda al buen funcionamiento de la fijaci\u00f3n biol\u00f3gica de N;<\/li>\n<li class=\"p1\">Contiene <em>Ascophyllum nodosum<\/em>, que ayuda en la emergencia de las plantas y una mayor resistencia a los estreses clim\u00e1ticos (h\u00eddricos, salinos y t\u00e9rmicos);<\/li>\n<li class=\"p1\">Mejora el desarrollo del sistema radicular y radicela absorbente;<\/li>\n<li class=\"p1\">Proporciona una emergencia m\u00e1s uniforme, mejorando el soporte de la planta en el campo;<\/li>\n<li class=\"p1\">Acelera el desarrollo inicial y el cierre de los cultivos;<\/li>\n<li class=\"p1\">Dota a las plantas de mayor tolerancia a las adversidades clim\u00e1ticas;<\/li>\n<li class=\"p1\">Aumenta el potencial productivo de los cultivos.<\/li>\n<\/ul>","protected":false},"excerpt":{"rendered":"<p class=\"p1\"><strong>Vigor para el desarrollo temprano de la soja<\/strong><\/p>","protected":false},"featured_media":1954,"template":"","meta":[],"product_cat":[39],"product_tag":[43],"class_list":{"0":"post-3216","1":"product","2":"type-product","3":"status-publish","4":"has-post-thumbnail","6":"product_cat-produtos","7":"product_tag-comex","9":"first","10":"instock","11":"shipping-taxable","12":"product-type-simple"},"_links":{"self":[{"href":"https:\/\/santaclaraagro.com.br\/es\/wp-json\/wp\/v2\/product\/3216"}],"collection":[{"href":"https:\/\/santaclaraagro.com.br\/es\/wp-json\/wp\/v2\/product"}],"about":[{"href":"https:\/\/santaclaraagro.com.br\/es\/wp-json\/wp\/v2\/types\/product"}],"wp:featuredmedia":[{"embeddable":true,"href":"https:\/\/santaclaraagro.com.br\/es\/wp-json\/wp\/v2\/media\/1954"}],"wp:attachment":[{"href":"https:\/\/santaclaraagro.com.br\/es\/wp-json\/wp\/v2\/media?parent=3216"}],"wp:term":[{"taxonomy":"product_cat","embeddable":true,"href":"https:\/\/santaclaraagro.com.br\/es\/wp-json\/wp\/v2\/product_cat?post=3216"},{"taxonomy":"product_tag","embeddable":true,"href":"https:\/\/santaclaraagro.com.br\/es\/wp-json\/wp\/v2\/product_tag?post=3216"}],"curies":[{"name":"wp","href":"https:\/\/api.w.org\/{rel}","templated":true}]}}