{"id":3217,"date":"2025-05-07T13:49:25","date_gmt":"2025-05-07T16:49:25","guid":{"rendered":"https:\/\/santaclaraagro.com.br\/?post_type=product&#038;p=3217"},"modified":"2025-05-07T13:50:55","modified_gmt":"2025-05-07T16:50:55","slug":"matriz-d-trans-es","status":"publish","type":"product","link":"https:\/\/santaclaraagro.com.br\/es\/produto\/matriz-d-trans-es\/","title":{"rendered":"Matriz D Trans"},"content":{"rendered":"<ul>\n<li class=\"p1\">Aporta f\u00f3sforo (P), nitr\u00f3geno (N), azufre (S), magnesio (Mg) y manganeso (Mn), elementos fundamentales para los cultivos agr\u00edcolas;<\/li>\n<li class=\"p1\">Contiene compuestos org\u00e1nicos, aportando amino\u00e1cidos esenciales;<\/li>\n<li class=\"p1\">Reduce los posibles efectos de &#8220;bloqueo&#8221; causados por la aplicaci\u00f3n de plaguicidas;<\/li>\n<li class=\"p1\">Contiene nitr\u00f3geno (N), que ayuda en la ruptura de la cera de las hojas de las plantas;<\/li>\n<li class=\"p1\">Contiene manganeso (Mn) asociado y protegido por compuestos org\u00e1nicos.<\/li>\n<\/ul>","protected":false},"excerpt":{"rendered":"<p class=\"p1\"><strong>Proporciona manganeso (Mn) protegido y evita el &#8220;bloqueo&#8221; inicial de la soja<\/strong><\/p>","protected":false},"featured_media":1952,"template":"","meta":[],"product_cat":[39],"product_tag":[43],"class_list":{"0":"post-3217","1":"product","2":"type-product","3":"status-publish","4":"has-post-thumbnail","6":"product_cat-produtos","7":"product_tag-comex","9":"first","10":"instock","11":"shipping-taxable","12":"product-type-simple"},"_links":{"self":[{"href":"https:\/\/santaclaraagro.com.br\/es\/wp-json\/wp\/v2\/product\/3217"}],"collection":[{"href":"https:\/\/santaclaraagro.com.br\/es\/wp-json\/wp\/v2\/product"}],"about":[{"href":"https:\/\/santaclaraagro.com.br\/es\/wp-json\/wp\/v2\/types\/product"}],"wp:featuredmedia":[{"embeddable":true,"href":"https:\/\/santaclaraagro.com.br\/es\/wp-json\/wp\/v2\/media\/1952"}],"wp:attachment":[{"href":"https:\/\/santaclaraagro.com.br\/es\/wp-json\/wp\/v2\/media?parent=3217"}],"wp:term":[{"taxonomy":"product_cat","embeddable":true,"href":"https:\/\/santaclaraagro.com.br\/es\/wp-json\/wp\/v2\/product_cat?post=3217"},{"taxonomy":"product_tag","embeddable":true,"href":"https:\/\/santaclaraagro.com.br\/es\/wp-json\/wp\/v2\/product_tag?post=3217"}],"curies":[{"name":"wp","href":"https:\/\/api.w.org\/{rel}","templated":true}]}}