{"id":3227,"date":"2025-06-12T14:34:45","date_gmt":"2025-06-12T17:34:45","guid":{"rendered":"https:\/\/santaclaraagro.com.br\/?post_type=product&#038;p=3227"},"modified":"2025-06-12T14:56:00","modified_gmt":"2025-06-12T17:56:00","slug":"linea-totale-suspension-concentrada","status":"publish","type":"product","link":"https:\/\/santaclaraagro.com.br\/es\/produto\/linea-totale-suspension-concentrada\/","title":{"rendered":"L\u00ednea Totale Suspensi\u00f3n Concentrada"},"content":{"rendered":"<ul>\n<li>L\u00ednea de suspensiones concentradas con diversas combinaciones nutricionales;<\/li>\n<li>Su formulaci\u00f3n concentrada reduce la dosis aplicada y los costos operativos de transporte y almacenamiento de productos;<\/li>\n<li>Libera gradualmente el nutriente, aumentando su aprovechamiento por las plantas y evitando s\u00edntomas de fitotoxicidad;<\/li>\n<li>Su formulaci\u00f3n l\u00edquida con tecnolog\u00eda de nanopart\u00edculas facilita la manipulaci\u00f3n y aplicaci\u00f3n de los productos, y utiliza materias primas de excelente calidad (no obstruye filtros ni boquillas de pulverizaci\u00f3n);<\/li>\n<li>Sus part\u00edculas extremadamente peque\u00f1as y uniformes aumentan su contacto con la superficie del suelo y el sistema radicular, lo que facilita la solubilizaci\u00f3n y absorci\u00f3n de nutrientes por las plantas;<\/li>\n<li>Presenta buena compatibilidad y aplicabilidad.<\/li>\n<\/ul>","protected":false},"excerpt":{"rendered":"<p class=\"p1\"><strong>Nanopart\u00edculas de nutrientes con liberaci\u00f3n gradual<\/strong><\/p>","protected":false},"featured_media":3228,"template":"","meta":[],"product_cat":[39],"product_tag":[43],"class_list":{"0":"post-3227","1":"product","2":"type-product","3":"status-publish","4":"has-post-thumbnail","6":"product_cat-produtos","7":"product_tag-comex","9":"first","10":"instock","11":"shipping-taxable","12":"product-type-simple"},"_links":{"self":[{"href":"https:\/\/santaclaraagro.com.br\/es\/wp-json\/wp\/v2\/product\/3227"}],"collection":[{"href":"https:\/\/santaclaraagro.com.br\/es\/wp-json\/wp\/v2\/product"}],"about":[{"href":"https:\/\/santaclaraagro.com.br\/es\/wp-json\/wp\/v2\/types\/product"}],"wp:featuredmedia":[{"embeddable":true,"href":"https:\/\/santaclaraagro.com.br\/es\/wp-json\/wp\/v2\/media\/3228"}],"wp:attachment":[{"href":"https:\/\/santaclaraagro.com.br\/es\/wp-json\/wp\/v2\/media?parent=3227"}],"wp:term":[{"taxonomy":"product_cat","embeddable":true,"href":"https:\/\/santaclaraagro.com.br\/es\/wp-json\/wp\/v2\/product_cat?post=3227"},{"taxonomy":"product_tag","embeddable":true,"href":"https:\/\/santaclaraagro.com.br\/es\/wp-json\/wp\/v2\/product_tag?post=3227"}],"curies":[{"name":"wp","href":"https:\/\/api.w.org\/{rel}","templated":true}]}}