{"id":3229,"date":"2025-06-12T14:52:47","date_gmt":"2025-06-12T17:52:47","guid":{"rendered":"https:\/\/santaclaraagro.com.br\/?post_type=product&#038;p=3229"},"modified":"2025-06-12T14:55:32","modified_gmt":"2025-06-12T17:55:32","slug":"linea-totale-polvo-micronizado","status":"publish","type":"product","link":"https:\/\/santaclaraagro.com.br\/es\/produto\/linea-totale-polvo-micronizado\/","title":{"rendered":"L\u00ednea Totale Polvo Micronizado"},"content":{"rendered":"<ul>\n<li>L\u00ednea de Polvos Micronizados con diversas combinaciones nutricionales;<\/li>\n<li>Prevenci\u00f3n y\/o correcci\u00f3n de deficiencias nutricionales;<\/li>\n<li>Solubilidad y concentraci\u00f3n de nutrientes estabilizadas y protegidas con agentes complejantes y quelantes org\u00e1nicos;<\/li>\n<li>Nutrientes esenciales para el crecimiento y desarrollo vegetativo;<\/li>\n<li>Aumenta el nivel de clorofila en las hojas, lo que activa la fotos\u00edntesis;<\/li>\n<li>Bajo riesgo de obstrucci\u00f3n de boquillas, decantaci\u00f3n, corrosi\u00f3n y problemas de incompatibilidad.<\/li>\n<\/ul>","protected":false},"excerpt":{"rendered":"<p class=\"p1\"><strong>Solubilidad y concentraci\u00f3n de nutrientes protegidos y quelados<\/strong><\/p>","protected":false},"featured_media":2320,"template":"","meta":[],"product_cat":[39],"product_tag":[43],"class_list":{"0":"post-3229","1":"product","2":"type-product","3":"status-publish","4":"has-post-thumbnail","6":"product_cat-produtos","7":"product_tag-comex","9":"first","10":"instock","11":"shipping-taxable","12":"product-type-simple"},"_links":{"self":[{"href":"https:\/\/santaclaraagro.com.br\/es\/wp-json\/wp\/v2\/product\/3229"}],"collection":[{"href":"https:\/\/santaclaraagro.com.br\/es\/wp-json\/wp\/v2\/product"}],"about":[{"href":"https:\/\/santaclaraagro.com.br\/es\/wp-json\/wp\/v2\/types\/product"}],"wp:featuredmedia":[{"embeddable":true,"href":"https:\/\/santaclaraagro.com.br\/es\/wp-json\/wp\/v2\/media\/2320"}],"wp:attachment":[{"href":"https:\/\/santaclaraagro.com.br\/es\/wp-json\/wp\/v2\/media?parent=3229"}],"wp:term":[{"taxonomy":"product_cat","embeddable":true,"href":"https:\/\/santaclaraagro.com.br\/es\/wp-json\/wp\/v2\/product_cat?post=3229"},{"taxonomy":"product_tag","embeddable":true,"href":"https:\/\/santaclaraagro.com.br\/es\/wp-json\/wp\/v2\/product_tag?post=3229"}],"curies":[{"name":"wp","href":"https:\/\/api.w.org\/{rel}","templated":true}]}}