{"id":3239,"date":"2025-06-12T15:31:26","date_gmt":"2025-06-12T18:31:26","guid":{"rendered":"https:\/\/santaclaraagro.com.br\/?post_type=product&#038;p=3239"},"modified":"2025-06-12T15:33:28","modified_gmt":"2025-06-12T18:33:28","slug":"terram-es","status":"publish","type":"product","link":"https:\/\/santaclaraagro.com.br\/es\/produto\/terram-es\/","title":{"rendered":"Terram"},"content":{"rendered":"<ul>\n<li class=\"p1\">Fertilizante organomineral l\u00edquido, con formulaci\u00f3n a base de extracto leonardita con alta concentraci\u00f3n de sustancias h\u00famicas y f\u00falvicas, enriquecido con Potasio (K) y (N);<\/li>\n<li class=\"p1\"><span class=\"s1\">Aplicaci\u00f3n al suelo: en drench, goteo\/fertirriego, etc;<\/span><\/li>\n<li class=\"p1\">Fuente natural de materia org\u00e1nica, totalmente estabilizada y altamente compatible;<\/li>\n<li class=\"p1\">Mejora las propiedades f\u00edsico-qu\u00edmicas y biol\u00f3gicas del suelo y\/o substrato, aumentando su humedad, retenci\u00f3n de agua y aireaci\u00f3n;<\/li>\n<li class=\"p1\">Aumenta la Capacidad de Intercambio Cati\u00f3nico (CIC) y la disponibilidad de nutrientes en el suelo, estimulando el desarrollo radicular y vegetativo de las plantas;<\/li>\n<li class=\"p1\">Producto soluble en toda la gama de pH \u00fatil (2 a 12);<\/li>\n<li class=\"p1\">Mejora el establecimiento de los cultivos y el crecimiento de los cultivos;<\/li>\n<li class=\"p1\">Estimula el desarrollo del sistema radicular y ra\u00edces absorbentes.<\/li>\n<\/ul>","protected":false},"excerpt":{"rendered":"<p class=\"p1\"><strong>Sustancias h\u00famicas estables y eficientes.<\/strong><\/p>","protected":false},"featured_media":1938,"template":"","meta":[],"product_cat":[39],"product_tag":[43],"class_list":{"0":"post-3239","1":"product","2":"type-product","3":"status-publish","4":"has-post-thumbnail","6":"product_cat-produtos","7":"product_tag-comex","9":"first","10":"instock","11":"shipping-taxable","12":"product-type-simple"},"_links":{"self":[{"href":"https:\/\/santaclaraagro.com.br\/es\/wp-json\/wp\/v2\/product\/3239"}],"collection":[{"href":"https:\/\/santaclaraagro.com.br\/es\/wp-json\/wp\/v2\/product"}],"about":[{"href":"https:\/\/santaclaraagro.com.br\/es\/wp-json\/wp\/v2\/types\/product"}],"wp:featuredmedia":[{"embeddable":true,"href":"https:\/\/santaclaraagro.com.br\/es\/wp-json\/wp\/v2\/media\/1938"}],"wp:attachment":[{"href":"https:\/\/santaclaraagro.com.br\/es\/wp-json\/wp\/v2\/media?parent=3239"}],"wp:term":[{"taxonomy":"product_cat","embeddable":true,"href":"https:\/\/santaclaraagro.com.br\/es\/wp-json\/wp\/v2\/product_cat?post=3239"},{"taxonomy":"product_tag","embeddable":true,"href":"https:\/\/santaclaraagro.com.br\/es\/wp-json\/wp\/v2\/product_tag?post=3239"}],"curies":[{"name":"wp","href":"https:\/\/api.w.org\/{rel}","templated":true}]}}