{"id":3240,"date":"2025-06-12T15:34:25","date_gmt":"2025-06-12T18:34:25","guid":{"rendered":"https:\/\/santaclaraagro.com.br\/?post_type=product&#038;p=3240"},"modified":"2025-06-12T15:35:41","modified_gmt":"2025-06-12T18:35:41","slug":"terram-f-es","status":"publish","type":"product","link":"https:\/\/santaclaraagro.com.br\/es\/produto\/terram-f-es\/","title":{"rendered":"Terram F"},"content":{"rendered":"<ul>\n<li class=\"p1\"><span class=\"s1\">Fertilizante organomineral l\u00edquido, con formulaci\u00f3n a base de extractos vegetales con 80% de \u00e1cido f\u00falvico, enriquecido con Nitr\u00f3geno (N) y (K);<\/span><\/li>\n<li class=\"p1\">Aplicaci\u00f3n al suelo (en drench, goteo\/fertirriego, etc.) y foliar;<\/li>\n<li class=\"p1\">Fuente natural de materia org\u00e1nica, totalmente estabilizado;<\/li>\n<li class=\"p1\">Mejora las propiedades f\u00edsico-qu\u00edmicas y biol\u00f3gicas del suelo y\/o substrato, aumentando su humedad, retenci\u00f3n de agua y aireaci\u00f3n;<\/li>\n<li class=\"p1\">Aumenta la Capacidad de Intercambio Cati\u00f3nico (CIC) y la disponibilidad de nutrientes en el suelo, estimulando el desarrollo radicular y vegetativo de las plantas;<\/li>\n<li class=\"p1\"><span class=\"s2\">Producto soluble en toda la gama de pH \u00fatil (2 a 12);<\/span><\/li>\n<li class=\"p1\">Mejora el establecimiento de los cultivos y el crecimiento de los cultivos;<\/li>\n<li class=\"p1\">Estimula el desarrollo del sistema radicular y ra\u00edces absorbentes.<\/li>\n<\/ul>","protected":false},"excerpt":{"rendered":"<p class=\"p1\"><strong>Sustancias h\u00famicas de alta absorci\u00f3n y eficiencia<\/strong><\/p>","protected":false},"featured_media":1937,"template":"","meta":[],"product_cat":[39],"product_tag":[43],"class_list":{"0":"post-3240","1":"product","2":"type-product","3":"status-publish","4":"has-post-thumbnail","6":"product_cat-produtos","7":"product_tag-comex","9":"first","10":"instock","11":"shipping-taxable","12":"product-type-simple"},"_links":{"self":[{"href":"https:\/\/santaclaraagro.com.br\/es\/wp-json\/wp\/v2\/product\/3240"}],"collection":[{"href":"https:\/\/santaclaraagro.com.br\/es\/wp-json\/wp\/v2\/product"}],"about":[{"href":"https:\/\/santaclaraagro.com.br\/es\/wp-json\/wp\/v2\/types\/product"}],"wp:featuredmedia":[{"embeddable":true,"href":"https:\/\/santaclaraagro.com.br\/es\/wp-json\/wp\/v2\/media\/1937"}],"wp:attachment":[{"href":"https:\/\/santaclaraagro.com.br\/es\/wp-json\/wp\/v2\/media?parent=3240"}],"wp:term":[{"taxonomy":"product_cat","embeddable":true,"href":"https:\/\/santaclaraagro.com.br\/es\/wp-json\/wp\/v2\/product_cat?post=3240"},{"taxonomy":"product_tag","embeddable":true,"href":"https:\/\/santaclaraagro.com.br\/es\/wp-json\/wp\/v2\/product_tag?post=3240"}],"curies":[{"name":"wp","href":"https:\/\/api.w.org\/{rel}","templated":true}]}}