{"id":3241,"date":"2025-06-12T15:36:48","date_gmt":"2025-06-12T18:36:48","guid":{"rendered":"https:\/\/santaclaraagro.com.br\/?post_type=product&#038;p=3241"},"modified":"2025-06-12T15:41:18","modified_gmt":"2025-06-12T18:41:18","slug":"silox-enlist-es","status":"publish","type":"product","link":"https:\/\/santaclaraagro.com.br\/es\/produto\/silox-enlist-es\/","title":{"rendered":"Silox Enlist"},"content":{"rendered":"<ul>\n<li class=\"p1\">Excelente adyuvante anti-deriva, reduce perdidas en las pulverizaciones, asegura la buena localizaci\u00f3n de la pulverizaci\u00f3n en los cultivos;<\/li>\n<li class=\"p1\">Reduce los riesgos de deriva a las \u00e1reas vecinas;<\/li>\n<li class=\"p1\">Mejora la uniformidad de gotas en las pulverizaciones;<\/li>\n<li class=\"p1\">Mejora la distribuci\u00f3n del caldo sobre hojas y tejidos; vegetales, por la alta capacidad de reducci\u00f3n de la tensi\u00f3n superficial del caldo (efecto tensioactivo mojante);<\/li>\n<li class=\"p1\">Alta eficiencia incluso en dosis bajas.<\/li>\n<\/ul>","protected":false},"excerpt":{"rendered":"<p class=\"p1\"><strong>Silox Enlist mejora la fluidez y la compatibilidad de los ingredientes org\u00e1nicos del caldo<\/strong><\/p>","protected":false},"featured_media":3242,"template":"","meta":[],"product_cat":[39],"product_tag":[43],"class_list":{"0":"post-3241","1":"product","2":"type-product","3":"status-publish","4":"has-post-thumbnail","6":"product_cat-produtos","7":"product_tag-comex","9":"first","10":"instock","11":"shipping-taxable","12":"product-type-simple"},"_links":{"self":[{"href":"https:\/\/santaclaraagro.com.br\/es\/wp-json\/wp\/v2\/product\/3241"}],"collection":[{"href":"https:\/\/santaclaraagro.com.br\/es\/wp-json\/wp\/v2\/product"}],"about":[{"href":"https:\/\/santaclaraagro.com.br\/es\/wp-json\/wp\/v2\/types\/product"}],"wp:featuredmedia":[{"embeddable":true,"href":"https:\/\/santaclaraagro.com.br\/es\/wp-json\/wp\/v2\/media\/3242"}],"wp:attachment":[{"href":"https:\/\/santaclaraagro.com.br\/es\/wp-json\/wp\/v2\/media?parent=3241"}],"wp:term":[{"taxonomy":"product_cat","embeddable":true,"href":"https:\/\/santaclaraagro.com.br\/es\/wp-json\/wp\/v2\/product_cat?post=3241"},{"taxonomy":"product_tag","embeddable":true,"href":"https:\/\/santaclaraagro.com.br\/es\/wp-json\/wp\/v2\/product_tag?post=3241"}],"curies":[{"name":"wp","href":"https:\/\/api.w.org\/{rel}","templated":true}]}}