{"id":3481,"date":"2026-01-20T11:41:26","date_gmt":"2026-01-20T14:41:26","guid":{"rendered":"https:\/\/santaclaraagro.com.br\/?post_type=product&#038;p=3481"},"modified":"2026-01-30T15:07:36","modified_gmt":"2026-01-30T18:07:36","slug":"planctum","status":"publish","type":"product","link":"https:\/\/santaclaraagro.com.br\/es\/produto\/planctum\/","title":{"rendered":"Planctum"},"content":{"rendered":"<ul>\n<li>F\u00f3rmula 100% l\u00edquida de f\u00e1cil aplica\u00e7\u00e3o;<\/li>\n<li>Alta compatibilidade de mistura;<\/li>\n<li>Compostos com performance fisiol\u00f3gica;<\/li>\n<li>Subst\u00e2ncias h\u00famicas conferindo maior estabilidade a formula\u00e7\u00e3o.<\/li>\n<\/ul>","protected":false},"excerpt":{"rendered":"<p>Fonte de amino\u00e1cidos para sua lavoura<\/p>","protected":false},"featured_media":3482,"template":"","meta":[],"product_cat":[25],"product_tag":[],"class_list":{"0":"post-3481","1":"product","2":"type-product","3":"status-publish","4":"has-post-thumbnail","6":"product_cat-nutricao-e-protecao-vegetal","8":"first","9":"instock","10":"shipping-taxable","11":"product-type-simple"},"_links":{"self":[{"href":"https:\/\/santaclaraagro.com.br\/es\/wp-json\/wp\/v2\/product\/3481"}],"collection":[{"href":"https:\/\/santaclaraagro.com.br\/es\/wp-json\/wp\/v2\/product"}],"about":[{"href":"https:\/\/santaclaraagro.com.br\/es\/wp-json\/wp\/v2\/types\/product"}],"wp:featuredmedia":[{"embeddable":true,"href":"https:\/\/santaclaraagro.com.br\/es\/wp-json\/wp\/v2\/media\/3482"}],"wp:attachment":[{"href":"https:\/\/santaclaraagro.com.br\/es\/wp-json\/wp\/v2\/media?parent=3481"}],"wp:term":[{"taxonomy":"product_cat","embeddable":true,"href":"https:\/\/santaclaraagro.com.br\/es\/wp-json\/wp\/v2\/product_cat?post=3481"},{"taxonomy":"product_tag","embeddable":true,"href":"https:\/\/santaclaraagro.com.br\/es\/wp-json\/wp\/v2\/product_tag?post=3481"}],"curies":[{"name":"wp","href":"https:\/\/api.w.org\/{rel}","templated":true}]}}