{"id":3491,"date":"2026-01-30T11:01:21","date_gmt":"2026-01-30T14:01:21","guid":{"rendered":"https:\/\/santaclaraagro.com.br\/?post_type=product&#038;p=3491"},"modified":"2026-01-30T11:09:57","modified_gmt":"2026-01-30T14:09:57","slug":"sulfeto-sk-humic","status":"publish","type":"product","link":"https:\/\/santaclaraagro.com.br\/es\/produto\/sulfeto-sk-humic\/","title":{"rendered":"Sulfeto SK Humic"},"content":{"rendered":"<ul>\n<li class=\"p1\">Formula\u00e7\u00e3o concentrada de pot\u00e1ssio (K) e enxofre (S) sol\u00faveis em \u00e1gua, permitindo uma absor\u00e7\u00e3o mais eficiente pelas plantas;<\/li>\n<li class=\"p1\">Formulaci\u00f3n l\u00edquida, facilitando la dosificaci\u00f3n, manipulaci\u00f3n y uso;<\/li>\n<li class=\"p1\">Aumenta o peso de frutos, gr\u00e3os e colmos, concentra\u00e7\u00e3o de a\u00e7\u00facares e qualidade de frutos;<\/li>\n<li class=\"p1\">Mejora la uniformidad de maduraci\u00f3n de frutos y partes vegetativas;<\/li>\n<li class=\"p1\">Com subst\u00e2ncias h\u00famicas que revitalizam o solo, auxiliam na absor\u00e7\u00e3o de nutrientes e desenvolve o sistema radicular.<\/li>\n<\/ul>","protected":false},"excerpt":{"rendered":"<p class=\"p1\"><strong>Fertilizante l\u00edquido concentrado en azufre (S) y potasio (K) solubles<\/strong><\/p>","protected":false},"featured_media":3492,"template":"","meta":[],"product_cat":[39],"product_tag":[],"class_list":{"0":"post-3491","1":"product","2":"type-product","3":"status-publish","4":"has-post-thumbnail","6":"product_cat-produtos","8":"first","9":"instock","10":"shipping-taxable","11":"product-type-simple"},"_links":{"self":[{"href":"https:\/\/santaclaraagro.com.br\/es\/wp-json\/wp\/v2\/product\/3491"}],"collection":[{"href":"https:\/\/santaclaraagro.com.br\/es\/wp-json\/wp\/v2\/product"}],"about":[{"href":"https:\/\/santaclaraagro.com.br\/es\/wp-json\/wp\/v2\/types\/product"}],"wp:featuredmedia":[{"embeddable":true,"href":"https:\/\/santaclaraagro.com.br\/es\/wp-json\/wp\/v2\/media\/3492"}],"wp:attachment":[{"href":"https:\/\/santaclaraagro.com.br\/es\/wp-json\/wp\/v2\/media?parent=3491"}],"wp:term":[{"taxonomy":"product_cat","embeddable":true,"href":"https:\/\/santaclaraagro.com.br\/es\/wp-json\/wp\/v2\/product_cat?post=3491"},{"taxonomy":"product_tag","embeddable":true,"href":"https:\/\/santaclaraagro.com.br\/es\/wp-json\/wp\/v2\/product_tag?post=3491"}],"curies":[{"name":"wp","href":"https:\/\/api.w.org\/{rel}","templated":true}]}}